{"id":1572,"date":"2024-03-06T10:09:41","date_gmt":"2024-03-06T10:09:41","guid":{"rendered":"https:\/\/www.orthospirits.com\/?post_type=product&#038;p=1572"},"modified":"2024-03-06T10:11:47","modified_gmt":"2024-03-06T10:11:47","slug":"vip-2","status":"publish","type":"product","link":"https:\/\/www.orthospirits.com\/en\/product\/vip-2\/","title":{"rendered":"VIP."},"content":{"rendered":"<p>Suscription pour 1 AN pour 16 cas avec r\u00e9\u00e9valuation \u00e0 2 mois<img fetchpriority=\"high\" decoding=\"async\" src=\"https:\/\/www.orthospirits.com\/wp-content\/uploads\/2024\/02\/aligner-7169868_1920-300x200.jpg\" alt=\"\" width=\"300\" height=\"200\" class=\"alignnone size-medium wp-image-1451\" srcset=\"https:\/\/www.orthospirits.com\/wp-content\/uploads\/2024\/02\/aligner-7169868_1920-300x200.jpg 300w, https:\/\/www.orthospirits.com\/wp-content\/uploads\/2024\/02\/aligner-7169868_1920-600x400.jpg 600w, https:\/\/www.orthospirits.com\/wp-content\/uploads\/2024\/02\/aligner-7169868_1920-1024x683.jpg 1024w, https:\/\/www.orthospirits.com\/wp-content\/uploads\/2024\/02\/aligner-7169868_1920-768x512.jpg 768w, https:\/\/www.orthospirits.com\/wp-content\/uploads\/2024\/02\/aligner-7169868_1920-1536x1024.jpg 1536w, https:\/\/www.orthospirits.com\/wp-content\/uploads\/2024\/02\/aligner-7169868_1920-18x12.jpg 18w, https:\/\/www.orthospirits.com\/wp-content\/uploads\/2024\/02\/aligner-7169868_1920.jpg 1920w\" sizes=\"(max-width: 300px) 100vw, 300px\" \/><\/p>","protected":false},"excerpt":{"rendered":"<p>Diagnostique , plan TTT , workflow pour 16 cas <\/p>","protected":false},"featured_media":1451,"template":"","meta":{"_uag_custom_page_level_css":"","site-sidebar-layout":"default","site-content-layout":"","ast-site-content-layout":"default","site-content-style":"default","site-sidebar-style":"default","ast-global-header-display":"","ast-banner-title-visibility":"","ast-main-header-display":"","ast-hfb-above-header-display":"","ast-hfb-below-header-display":"","ast-hfb-mobile-header-display":"","site-post-title":"","ast-breadcrumbs-content":"","ast-featured-img":"","footer-sml-layout":"","ast-disable-related-posts":"","theme-transparent-header-meta":"default","adv-header-id-meta":"","stick-header-meta":"","header-above-stick-meta":"","header-main-stick-meta":"","header-below-stick-meta":"","astra-migrate-meta-layouts":"set","ast-page-background-enabled":"default","ast-page-background-meta":{"desktop":{"background-color":"var(--ast-global-color-4)","background-image":"","background-repeat":"repeat","background-position":"center center","background-size":"auto","background-attachment":"scroll","background-type":"","background-media":"","overlay-type":"","overlay-color":"","overlay-opacity":"","overlay-gradient":""},"tablet":{"background-color":"","background-image":"","background-repeat":"repeat","background-position":"center center","background-size":"auto","background-attachment":"scroll","background-type":"","background-media":"","overlay-type":"","overlay-color":"","overlay-opacity":"","overlay-gradient":""},"mobile":{"background-color":"","background-image":"","background-repeat":"repeat","background-position":"center center","background-size":"auto","background-attachment":"scroll","background-type":"","background-media":"","overlay-type":"","overlay-color":"","overlay-opacity":"","overlay-gradient":""}},"ast-content-background-meta":{"desktop":{"background-color":"var(--ast-global-color-5)","background-image":"","background-repeat":"repeat","background-position":"center center","background-size":"auto","background-attachment":"scroll","background-type":"","background-media":"","overlay-type":"","overlay-color":"","overlay-opacity":"","overlay-gradient":""},"tablet":{"background-color":"var(--ast-global-color-5)","background-image":"","background-repeat":"repeat","background-position":"center center","background-size":"auto","background-attachment":"scroll","background-type":"","background-media":"","overlay-type":"","overlay-color":"","overlay-opacity":"","overlay-gradient":""},"mobile":{"background-color":"var(--ast-global-color-5)","background-image":"","background-repeat":"repeat","background-position":"center center","background-size":"auto","background-attachment":"scroll","background-type":"","background-media":"","overlay-type":"","overlay-color":"","overlay-opacity":"","overlay-gradient":""}}},"product_cat":[17],"product_tag":[],"class_list":{"0":"post-1572","1":"product","2":"type-product","3":"status-publish","4":"has-post-thumbnail","6":"product_cat-non-classe","7":"desktop-align-left","8":"tablet-align-left","9":"mobile-align-left","11":"first","12":"instock","13":"virtual","14":"purchasable","15":"product-type-simple"},"uagb_featured_image_src":{"full":["https:\/\/www.orthospirits.com\/wp-content\/uploads\/2024\/02\/aligner-7169868_1920.jpg",1920,1280,false],"thumbnail":["https:\/\/www.orthospirits.com\/wp-content\/uploads\/2024\/02\/aligner-7169868_1920-150x150.jpg",150,150,true],"medium":["https:\/\/www.orthospirits.com\/wp-content\/uploads\/2024\/02\/aligner-7169868_1920-300x200.jpg",300,200,true],"medium_large":["https:\/\/www.orthospirits.com\/wp-content\/uploads\/2024\/02\/aligner-7169868_1920-768x512.jpg",768,512,true],"large":["https:\/\/www.orthospirits.com\/wp-content\/uploads\/2024\/02\/aligner-7169868_1920-1024x683.jpg",1024,683,true],"1536x1536":["https:\/\/www.orthospirits.com\/wp-content\/uploads\/2024\/02\/aligner-7169868_1920-1536x1024.jpg",1536,1024,true],"2048x2048":["https:\/\/www.orthospirits.com\/wp-content\/uploads\/2024\/02\/aligner-7169868_1920.jpg",1920,1280,false],"trp-custom-language-flag":["https:\/\/www.orthospirits.com\/wp-content\/uploads\/2024\/02\/aligner-7169868_1920-18x12.jpg",18,12,true],"woocommerce_thumbnail":["https:\/\/www.orthospirits.com\/wp-content\/uploads\/2024\/02\/aligner-7169868_1920-300x300.jpg",300,300,true],"woocommerce_single":["https:\/\/www.orthospirits.com\/wp-content\/uploads\/2024\/02\/aligner-7169868_1920-600x400.jpg",600,400,true],"woocommerce_gallery_thumbnail":["https:\/\/www.orthospirits.com\/wp-content\/uploads\/2024\/02\/aligner-7169868_1920-100x100.jpg",100,100,true]},"uagb_author_info":{"display_name":"Luc Arzel","author_link":"https:\/\/www.orthospirits.com\/en\/author\/"},"uagb_comment_info":0,"uagb_excerpt":"Diagnostique , plan TTT , workflow pour 16 cas","jetpack_sharing_enabled":true,"_links":{"self":[{"href":"https:\/\/www.orthospirits.com\/en\/wp-json\/wp\/v2\/product\/1572","targetHints":{"allow":["GET"]}}],"collection":[{"href":"https:\/\/www.orthospirits.com\/en\/wp-json\/wp\/v2\/product"}],"about":[{"href":"https:\/\/www.orthospirits.com\/en\/wp-json\/wp\/v2\/types\/product"}],"wp:featuredmedia":[{"embeddable":true,"href":"https:\/\/www.orthospirits.com\/en\/wp-json\/wp\/v2\/media\/1451"}],"wp:attachment":[{"href":"https:\/\/www.orthospirits.com\/en\/wp-json\/wp\/v2\/media?parent=1572"}],"wp:term":[{"taxonomy":"product_cat","embeddable":true,"href":"https:\/\/www.orthospirits.com\/en\/wp-json\/wp\/v2\/product_cat?post=1572"},{"taxonomy":"product_tag","embeddable":true,"href":"https:\/\/www.orthospirits.com\/en\/wp-json\/wp\/v2\/product_tag?post=1572"}],"curies":[{"name":"wp","href":"https:\/\/api.w.org\/{rel}","templated":true}]}}