{"id":1570,"date":"2024-03-06T10:05:40","date_gmt":"2024-03-06T10:05:40","guid":{"rendered":"https:\/\/www.orthospirits.com\/?post_type=product&#038;p=1570"},"modified":"2024-03-06T10:14:57","modified_gmt":"2024-03-06T10:14:57","slug":"gold-2","status":"publish","type":"product","link":"https:\/\/www.orthospirits.com\/en\/product\/gold-2\/","title":{"rendered":"GOLD."},"content":{"rendered":"<p>Subscription 1 an pour 8 cas <\/p>","protected":false},"excerpt":{"rendered":"<p>Diagnostique , plan de TTT , workflow de 8 cas avec R\u00e9\u00e9valuation \u00e0 3 mois<img fetchpriority=\"high\" decoding=\"async\" src=\"https:\/\/www.orthospirits.com\/wp-content\/uploads\/2024\/03\/Capture-decran-2024-03-03-a-09.35.59-300x298.png\" alt=\"\" width=\"300\" height=\"298\" class=\"alignnone size-medium wp-image-1474\" srcset=\"https:\/\/www.orthospirits.com\/wp-content\/uploads\/2024\/03\/Capture-decran-2024-03-03-a-09.35.59-300x298.png 300w, https:\/\/www.orthospirits.com\/wp-content\/uploads\/2024\/03\/Capture-decran-2024-03-03-a-09.35.59-150x150.png 150w, https:\/\/www.orthospirits.com\/wp-content\/uploads\/2024\/03\/Capture-decran-2024-03-03-a-09.35.59-12x12.png 12w, https:\/\/www.orthospirits.com\/wp-content\/uploads\/2024\/03\/Capture-decran-2024-03-03-a-09.35.59-100x100.png 100w, https:\/\/www.orthospirits.com\/wp-content\/uploads\/2024\/03\/Capture-decran-2024-03-03-a-09.35.59.png 389w\" sizes=\"(max-width: 300px) 100vw, 300px\" \/><\/p>","protected":false},"featured_media":1158,"template":"","meta":{"_uag_custom_page_level_css":"","site-sidebar-layout":"default","site-content-layout":"","ast-site-content-layout":"default","site-content-style":"default","site-sidebar-style":"default","ast-global-header-display":"","ast-banner-title-visibility":"","ast-main-header-display":"","ast-hfb-above-header-display":"","ast-hfb-below-header-display":"","ast-hfb-mobile-header-display":"","site-post-title":"","ast-breadcrumbs-content":"","ast-featured-img":"","footer-sml-layout":"","ast-disable-related-posts":"","theme-transparent-header-meta":"default","adv-header-id-meta":"","stick-header-meta":"","header-above-stick-meta":"","header-main-stick-meta":"","header-below-stick-meta":"","astra-migrate-meta-layouts":"set","ast-page-background-enabled":"default","ast-page-background-meta":{"desktop":{"background-color":"var(--ast-global-color-4)","background-image":"","background-repeat":"repeat","background-position":"center center","background-size":"auto","background-attachment":"scroll","background-type":"","background-media":"","overlay-type":"","overlay-color":"","overlay-opacity":"","overlay-gradient":""},"tablet":{"background-color":"","background-image":"","background-repeat":"repeat","background-position":"center center","background-size":"auto","background-attachment":"scroll","background-type":"","background-media":"","overlay-type":"","overlay-color":"","overlay-opacity":"","overlay-gradient":""},"mobile":{"background-color":"","background-image":"","background-repeat":"repeat","background-position":"center center","background-size":"auto","background-attachment":"scroll","background-type":"","background-media":"","overlay-type":"","overlay-color":"","overlay-opacity":"","overlay-gradient":""}},"ast-content-background-meta":{"desktop":{"background-color":"var(--ast-global-color-5)","background-image":"","background-repeat":"repeat","background-position":"center center","background-size":"auto","background-attachment":"scroll","background-type":"","background-media":"","overlay-type":"","overlay-color":"","overlay-opacity":"","overlay-gradient":""},"tablet":{"background-color":"var(--ast-global-color-5)","background-image":"","background-repeat":"repeat","background-position":"center center","background-size":"auto","background-attachment":"scroll","background-type":"","background-media":"","overlay-type":"","overlay-color":"","overlay-opacity":"","overlay-gradient":""},"mobile":{"background-color":"var(--ast-global-color-5)","background-image":"","background-repeat":"repeat","background-position":"center center","background-size":"auto","background-attachment":"scroll","background-type":"","background-media":"","overlay-type":"","overlay-color":"","overlay-opacity":"","overlay-gradient":""}}},"product_cat":[17],"product_tag":[],"class_list":{"0":"post-1570","1":"product","2":"type-product","3":"status-publish","4":"has-post-thumbnail","6":"product_cat-non-classe","7":"desktop-align-left","8":"tablet-align-left","9":"mobile-align-left","11":"first","12":"instock","13":"virtual","14":"purchasable","15":"product-type-simple"},"uagb_featured_image_src":{"full":["https:\/\/www.orthospirits.com\/wp-content\/uploads\/2024\/02\/Capture-decran-2024-01-26-a-12.31.52-1.png",1386,527,false],"thumbnail":["https:\/\/www.orthospirits.com\/wp-content\/uploads\/2024\/02\/Capture-decran-2024-01-26-a-12.31.52-1-150x150.png",150,150,true],"medium":["https:\/\/www.orthospirits.com\/wp-content\/uploads\/2024\/02\/Capture-decran-2024-01-26-a-12.31.52-1-300x114.png",300,114,true],"medium_large":["https:\/\/www.orthospirits.com\/wp-content\/uploads\/2024\/02\/Capture-decran-2024-01-26-a-12.31.52-1-768x292.png",768,292,true],"large":["https:\/\/www.orthospirits.com\/wp-content\/uploads\/2024\/02\/Capture-decran-2024-01-26-a-12.31.52-1-1024x389.png",1024,389,true],"1536x1536":["https:\/\/www.orthospirits.com\/wp-content\/uploads\/2024\/02\/Capture-decran-2024-01-26-a-12.31.52-1.png",1386,527,false],"2048x2048":["https:\/\/www.orthospirits.com\/wp-content\/uploads\/2024\/02\/Capture-decran-2024-01-26-a-12.31.52-1.png",1386,527,false],"trp-custom-language-flag":["https:\/\/www.orthospirits.com\/wp-content\/uploads\/2024\/02\/Capture-decran-2024-01-26-a-12.31.52-1.png",18,7,false],"woocommerce_thumbnail":["https:\/\/www.orthospirits.com\/wp-content\/uploads\/2024\/02\/Capture-decran-2024-01-26-a-12.31.52-1-300x300.png",300,300,true],"woocommerce_single":["https:\/\/www.orthospirits.com\/wp-content\/uploads\/2024\/02\/Capture-decran-2024-01-26-a-12.31.52-1-600x228.png",600,228,true],"woocommerce_gallery_thumbnail":["https:\/\/www.orthospirits.com\/wp-content\/uploads\/2024\/02\/Capture-decran-2024-01-26-a-12.31.52-1-100x100.png",100,100,true]},"uagb_author_info":{"display_name":"Luc Arzel","author_link":"https:\/\/www.orthospirits.com\/en\/author\/"},"uagb_comment_info":0,"uagb_excerpt":"Diagnostique , plan de TTT , workflow de 8 cas avec R\u00e9\u00e9valuation \u00e0 3 mois","jetpack_sharing_enabled":true,"_links":{"self":[{"href":"https:\/\/www.orthospirits.com\/en\/wp-json\/wp\/v2\/product\/1570","targetHints":{"allow":["GET"]}}],"collection":[{"href":"https:\/\/www.orthospirits.com\/en\/wp-json\/wp\/v2\/product"}],"about":[{"href":"https:\/\/www.orthospirits.com\/en\/wp-json\/wp\/v2\/types\/product"}],"wp:featuredmedia":[{"embeddable":true,"href":"https:\/\/www.orthospirits.com\/en\/wp-json\/wp\/v2\/media\/1158"}],"wp:attachment":[{"href":"https:\/\/www.orthospirits.com\/en\/wp-json\/wp\/v2\/media?parent=1570"}],"wp:term":[{"taxonomy":"product_cat","embeddable":true,"href":"https:\/\/www.orthospirits.com\/en\/wp-json\/wp\/v2\/product_cat?post=1570"},{"taxonomy":"product_tag","embeddable":true,"href":"https:\/\/www.orthospirits.com\/en\/wp-json\/wp\/v2\/product_tag?post=1570"}],"curies":[{"name":"wp","href":"https:\/\/api.w.org\/{rel}","templated":true}]}}