{"id":3018,"date":"2025-02-18T10:34:04","date_gmt":"2025-02-18T10:34:04","guid":{"rendered":"https:\/\/www.orthospirits.com\/?page_id=3018"},"modified":"2025-04-01T09:46:25","modified_gmt":"2025-04-01T09:46:25","slug":"demo-my-clinical-cases","status":"publish","type":"page","link":"https:\/\/www.orthospirits.com\/en\/demo-my-clinical-cases\/","title":{"rendered":"Demo my clinical cases"},"content":{"rendered":"<style>\n@media (max-width: 600px) {\n    .mes-cas {\n        display: none;\n\t}\n}\n@media (min-width: 600px) {\n    .mes-cas-mob {\n        display: none;\n\t}\n}\n<\/style>\n<div class=\"wp-block-uagb-container uagb-block-7fa683e6 alignfull uagb-is-root-container\" style=\"padding-top: 40px; padding-bottom: 40px; background-color: #1482b0; margin-bottom: 20px;\">\n<div class=\"uagb-ifb-button-wrapper wp-block-button\" style=\"text-align: center; color: #fff;\">IMPORTANT<br \/>\nCe formulaire est un mod\u00e8le de d\u00e9monstration.<br \/>\nPour le compl\u00e9ter et le soumettre, vous<br \/>\npouvez vous connecter ou cr\u00e9er un compte<br \/>\nen cliquant sur le bouton ci-dessous.<br \/>\n<a class=\"uagb-infobox-cta-link wp-block-button__link\" style=\";margin-top: 20px;\" href=\"\/en\/my-clinical-cases\/\" target=\"_self\" rel=\"noopener noreferrer\">Acc\u00e9der au formulaire<\/a><\/div>\n<\/div>\n<p class=\"mes-cas\"><img fetchpriority=\"high\" decoding=\"async\" class=\"size-full wp-image-3072 aligncenter\" src=\"https:\/\/www.orthospirits.com\/wp-content\/uploads\/2025\/02\/Form-Orthospirits.png\" alt=\"\" width=\"1152\" height=\"6815\" \/><\/p>\n<p class=\"mes-cas-mob\"><img decoding=\"async\" class=\"alignnone size-full wp-image-3074\" src=\"https:\/\/www.orthospirits.com\/wp-content\/uploads\/2025\/02\/form-mob.png\" alt=\"\" width=\"584\" height=\"8690\" \/><\/p>","protected":false},"excerpt":{"rendered":"<p>IMPORTANT Ce formulaire est un mod\u00e8le de d\u00e9monstration. Pour le compl\u00e9ter et le soumettre, vous pouvez vous connecter ou cr\u00e9er un compte en cliquant sur le bouton ci-dessous. Acc\u00e9der au formulaire<\/p>","protected":false},"author":1977,"featured_media":0,"parent":0,"menu_order":0,"comment_status":"closed","ping_status":"closed","template":"","meta":{"_uag_custom_page_level_css":"","site-sidebar-layout":"default","site-content-layout":"","ast-site-content-layout":"default","site-content-style":"default","site-sidebar-style":"default","ast-global-header-display":"","ast-banner-title-visibility":"","ast-main-header-display":"","ast-hfb-above-header-display":"","ast-hfb-below-header-display":"","ast-hfb-mobile-header-display":"","site-post-title":"","ast-breadcrumbs-content":"","ast-featured-img":"","footer-sml-layout":"","ast-disable-related-posts":"","theme-transparent-header-meta":"default","adv-header-id-meta":"","stick-header-meta":"","header-above-stick-meta":"","header-main-stick-meta":"","header-below-stick-meta":"","astra-migrate-meta-layouts":"set","ast-page-background-enabled":"default","ast-page-background-meta":{"desktop":{"background-color":"var(--ast-global-color-4)","background-image":"","background-repeat":"repeat","background-position":"center center","background-size":"auto","background-attachment":"scroll","background-type":"","background-media":"","overlay-type":"","overlay-color":"","overlay-opacity":"","overlay-gradient":""},"tablet":{"background-color":"","background-image":"","background-repeat":"repeat","background-position":"center center","background-size":"auto","background-attachment":"scroll","background-type":"","background-media":"","overlay-type":"","overlay-color":"","overlay-opacity":"","overlay-gradient":""},"mobile":{"background-color":"","background-image":"","background-repeat":"repeat","background-position":"center center","background-size":"auto","background-attachment":"scroll","background-type":"","background-media":"","overlay-type":"","overlay-color":"","overlay-opacity":"","overlay-gradient":""}},"ast-content-background-meta":{"desktop":{"background-color":"var(--ast-global-color-5)","background-image":"","background-repeat":"repeat","background-position":"center center","background-size":"auto","background-attachment":"scroll","background-type":"","background-media":"","overlay-type":"","overlay-color":"","overlay-opacity":"","overlay-gradient":""},"tablet":{"background-color":"var(--ast-global-color-5)","background-image":"","background-repeat":"repeat","background-position":"center center","background-size":"auto","background-attachment":"scroll","background-type":"","background-media":"","overlay-type":"","overlay-color":"","overlay-opacity":"","overlay-gradient":""},"mobile":{"background-color":"var(--ast-global-color-5)","background-image":"","background-repeat":"repeat","background-position":"center center","background-size":"auto","background-attachment":"scroll","background-type":"","background-media":"","overlay-type":"","overlay-color":"","overlay-opacity":"","overlay-gradient":""}},"footnotes":""},"class_list":["post-3018","page","type-page","status-publish","hentry"],"uagb_featured_image_src":{"full":false,"thumbnail":false,"medium":false,"medium_large":false,"large":false,"1536x1536":false,"2048x2048":false,"trp-custom-language-flag":false,"woocommerce_thumbnail":false,"woocommerce_single":false,"woocommerce_gallery_thumbnail":false},"uagb_author_info":{"display_name":"romain adiba","author_link":"https:\/\/www.orthospirits.com\/en\/author\/romain-adiba\/"},"uagb_comment_info":0,"uagb_excerpt":"IMPORTANT Ce formulaire est un mod\u00e8le de d\u00e9monstration. Pour le compl\u00e9ter et le soumettre, vous pouvez vous connecter ou cr\u00e9er un compte en cliquant sur le bouton ci-dessous. Acc\u00e9der au formulaire","jetpack_sharing_enabled":true,"_links":{"self":[{"href":"https:\/\/www.orthospirits.com\/en\/wp-json\/wp\/v2\/pages\/3018","targetHints":{"allow":["GET"]}}],"collection":[{"href":"https:\/\/www.orthospirits.com\/en\/wp-json\/wp\/v2\/pages"}],"about":[{"href":"https:\/\/www.orthospirits.com\/en\/wp-json\/wp\/v2\/types\/page"}],"author":[{"embeddable":true,"href":"https:\/\/www.orthospirits.com\/en\/wp-json\/wp\/v2\/users\/1977"}],"replies":[{"embeddable":true,"href":"https:\/\/www.orthospirits.com\/en\/wp-json\/wp\/v2\/comments?post=3018"}],"version-history":[{"count":35,"href":"https:\/\/www.orthospirits.com\/en\/wp-json\/wp\/v2\/pages\/3018\/revisions"}],"predecessor-version":[{"id":3138,"href":"https:\/\/www.orthospirits.com\/en\/wp-json\/wp\/v2\/pages\/3018\/revisions\/3138"}],"wp:attachment":[{"href":"https:\/\/www.orthospirits.com\/en\/wp-json\/wp\/v2\/media?parent=3018"}],"curies":[{"name":"wp","href":"https:\/\/api.w.org\/{rel}","templated":true}]}}