{"id":2832,"date":"2024-09-04T08:10:16","date_gmt":"2024-09-04T08:10:16","guid":{"rendered":"https:\/\/www.orthospirits.com\/?page_id=2832"},"modified":"2025-02-20T15:05:32","modified_gmt":"2025-02-20T15:05:32","slug":"nos-solutions","status":"publish","type":"page","link":"https:\/\/www.orthospirits.com\/en\/nos-solutions\/","title":{"rendered":"Our solutions"},"content":{"rendered":"<div class=\"wp-block-uagb-container uagb-block-6803eae3 alignfull uagb-is-root-container\">\r\n<div class=\"uagb-container-inner-blocks-wrap\">\r\n<div class=\"wp-block-uagb-advanced-heading uagb-block-a2f9964e\">\r\n<div class=\"wp-block-uagb-call-to-action uagb-block-50d1e552 wp-block-button\">\r\n<div class=\"uagb-cta__wrap\" style=\"text-align: center;\">\r\n<h3 class=\"uagb-cta__title\" style=\"text-align: center; margin-top: -70px;\">Become member<\/h3>\r\n<a class=\"uagb-cta__button-link-wrapper wp-block-button__link\" href=\"\/en\/contact\/\" target=\"_self\" rel=\"noopener noreferrer\">Become member<\/a><\/div>\r\n<!--<div class=\"uagb-cta__buttons\"><a class=\"uagb-cta__button-link-wrapper wp-block-button__link\" href=\"\/contact\" target=\"_self\" rel=\"noopener noreferrer\">Devenez membre<\/a><\/div>--><\/div>\r\n<\/div>\r\n<\/div>\r\n<\/div>\r\n\r\n\r\n\r\n<div class=\"wp-block-uagb-container uagb-block-623363c6 alignfull uagb-is-root-container\">\r\n<div class=\"uagb-container-inner-blocks-wrap\">\r\n\r\n\r\n<div class=\"wp-block-uagb-info-box uagb-block-3801b6ed uagb-infobox__content-wrap  uagb-infobox-icon-above-title uagb-infobox-image-valign-top\">\r\n<div class=\"uagb-ifb-content\" style=\"text-align: left;\">\r\n<div class=\"uagb-ifb-title-wrap\">\r\n<h2 class=\"uagb-ifb-title\">Our solutions<\/h2>\r\n<\/div>\r\n<p class=\"uagb-ifb-desc\" style=\"text-align: left;\"><strong><em> Treat yourself to a private mentor<\/em><\/strong>. <br \/>Improve the quality of your treatments through personalized coaching rather than learning through trial and error.<br \/>Explore our options and choose the one that best suits your practice.<\/p>\r\n<br \/><strong>SPECIAL welcome OFFER 2024, the first consultation is free<\/strong> you are considering starting a case of aligner or fixed appliance but are unsure about the best approach to adopt, seek the advice of an expert. You will obtain a precise clinical report on the feasibility of your case and the possible treatment plan. And if you sponsor a colleague for a subscription, two additional consultations will be offered to you!\r\n<p>&nbsp;<\/p>\r\n<\/div>\r\n<\/div>\r\n\r\n\r\n<!-- Debut prem-->\r\n\r\n<div class=\"wp-block-uagb-container uagb-block-3893b8aa\">\r\n<div class=\"wp-block-uagb-container uagb-block-b02b419f\">\r\n<div class=\"wp-block-uagb-image alignright uagb-block-2622f629 wp-block-uagb-image--layout-default wp-block-uagb-image--effect-static wp-block-uagb-image--align-right\">\r\n<figure class=\"wp-block-uagb-image__figure\"><img decoding=\"async\" style=\"height:380px;\" class=\"alignnone size-medium wp-image-2935\" src=\"https:\/\/www.orthospirits.com\/wp-content\/uploads\/2025\/02\/premier-cas2.jpg\" alt=\"\" \/><\/figure>\r\n<\/div>\r\n<\/div>\r\n\r\n\r\n\r\n<div class=\"wp-block-uagb-container uagb-block-862a6668\">\r\n<div class=\"wp-block-uagb-info-box uagb-block-411c16f4 uagb-infobox__content-wrap  uagb-infobox-icon-above-title uagb-infobox-image-valign-top\">\r\n<div class=\"uagb-ifb-content\">\r\n<div class=\"uagb-ifb-title-wrap\"><span class=\"uagb-ifb-title-prefix\">01<\/span>\r\n<h3 class=\"uagb-ifb-title\">first case for free<\/h3>\r\n<\/div>\r\n<p class=\"uagb-ifb-desc\">Discover and test orthospirits for free! Create an account, send your first case online and simplify your life! you will have access to a complete support as if you were a subscriber.<\/p>\r\n<div class=\"uagb-ifb-button-wrapper wp-block-button\"><a class=\"uagb-infobox-cta-link wp-block-button__link\" href=\"\/en\/demo-my-clinical-cases\/\" target=\"_self\" rel=\"noopener noreferrer\"><span class=\"uagb-inline-editing\">Get started<\/span><\/a><\/div>\r\n<\/div>\r\n<\/div>\r\n<\/div>\r\n<\/div>\r\n\r\n<!-- Fin prem -->\r\n\r\n\r\n<div class=\"wp-block-uagb-container uagb-block-e91230d3\">\r\n<div class=\"wp-block-uagb-container uagb-block-b46395ef\">\r\n<div class=\"wp-block-uagb-image alignleft uagb-block-4ff9da3f wp-block-uagb-image--layout-default wp-block-uagb-image--effect-static wp-block-uagb-image--align-left\">\r\n<figure class=\"wp-block-uagb-image__figure\"><img fetchpriority=\"high\" decoding=\"async\" class=\"uag-image-1449\" title=\"\" role=\"img\" src=\"https:\/\/www.orthospirits.com\/wp-content\/uploads\/2024\/02\/invisalign-6551506_1920-1024x683.jpg\" sizes=\"(max-width: 480px) 150px\" srcset=\"https:\/\/www.orthospirits.com\/wp-content\/uploads\/2024\/02\/invisalign-6551506_1920-1024x683.jpg ,https:\/\/www.orthospirits.com\/wp-content\/uploads\/2024\/02\/invisalign-6551506_1920.jpg 780w, https:\/\/www.orthospirits.com\/wp-content\/uploads\/2024\/02\/invisalign-6551506_1920.jpg 360w\" alt=\"\" width=\"600\" height=\"500\" \/><\/figure>\r\n<\/div>\r\n<\/div>\r\n\r\n\r\n\r\n<div class=\"wp-block-uagb-container uagb-block-7621abb2\">\r\n<div class=\"wp-block-uagb-info-box uagb-block-f3d2d6b2 uagb-infobox__content-wrap  uagb-infobox-icon-above-title uagb-infobox-image-valign-top\">\r\n<div class=\"uagb-ifb-content\">\r\n<div class=\"uagb-ifb-title-wrap\"><span class=\"uagb-ifb-title-prefix\">02<\/span>\r\n<h3 class=\"uagb-ifb-title\">A-LA-CARTE<\/h3>\r\n<\/div>\r\n<p class=\"uagb-ifb-desc\">Choose a specific case, whatever technique you use, that poses a problem to you. And, rather than facing it alone, send us your clinical documents. Benefit from our experience with an optimized, precise and tailor-made treatment plan.<br \/>A report is then sent to you.step-by-step precise.<br \/>Optimize your prescriptions and get clinical advice and tips.<br \/>Dare to consult us and adios frustration!<br \/>Dare to take the plunge and say goodbye to frustration! (valid after you have exhausted your first free consultation.)<br \/><strong><em>195 euros<\/em><\/strong> For a zoom of 30 minutes.<\/p>\r\n<div class=\"uagb-ifb-button-wrapper wp-block-button\"><a class=\"uagb-infobox-cta-link wp-block-button__link\" href=\"\/en\/product\/a-la-carte\/\" target=\"_self\" rel=\"noopener noreferrer\"><span class=\"uagb-inline-editing\">Get started<\/span><\/a><\/div>\r\n<\/div>\r\n<\/div>\r\n<\/div>\r\n<\/div>\r\n\r\n\r\n\r\n<div class=\"wp-block-uagb-container uagb-block-3893b8aa\">\r\n<div class=\"wp-block-uagb-container uagb-block-b02b419f\">\r\n<div class=\"wp-block-uagb-image alignright uagb-block-2622f629 wp-block-uagb-image--layout-default wp-block-uagb-image--effect-static wp-block-uagb-image--align-right\">\r\n<figure class=\"wp-block-uagb-image__figure\"><img decoding=\"async\" class=\"alignnone size-medium wp-image-2935\" src=\"https:\/\/www.orthospirits.com\/wp-content\/uploads\/2024\/09\/IMG_00033-300x225.jpg\" alt=\"\" width=\"300\" height=\"225\" srcset=\"https:\/\/www.orthospirits.com\/wp-content\/uploads\/2024\/09\/IMG_00033-300x225.jpg 300w, https:\/\/www.orthospirits.com\/wp-content\/uploads\/2024\/09\/IMG_00033-768x576.jpg 768w, https:\/\/www.orthospirits.com\/wp-content\/uploads\/2024\/09\/IMG_00033-16x12.jpg 16w, https:\/\/www.orthospirits.com\/wp-content\/uploads\/2024\/09\/IMG_00033-600x450.jpg 600w, https:\/\/www.orthospirits.com\/wp-content\/uploads\/2024\/09\/IMG_00033.jpg 1024w\" sizes=\"(max-width: 300px) 100vw, 300px\" \/><\/figure>\r\n<\/div>\r\n<\/div>\r\n\r\n\r\n\r\n<div class=\"wp-block-uagb-container uagb-block-862a6668\">\r\n<div class=\"wp-block-uagb-info-box uagb-block-411c16f4 uagb-infobox__content-wrap  uagb-infobox-icon-above-title uagb-infobox-image-valign-top\">\r\n<div class=\"uagb-ifb-content\">\r\n<div class=\"uagb-ifb-title-wrap\"><span class=\"uagb-ifb-title-prefix\">03<\/span>\r\n<h3 class=\"uagb-ifb-title\">SILVER<\/h3>\r\n<\/div>\r\n<p class=\"uagb-ifb-desc\">Subscription for diagnosis, treatment plan, monitoring of the progress of treatment for 4 cases. An interview is planned during treatment in the 6th month. No longer be alone when faced with a complex case. Follow the scheduled progress of your case and receive advice at every stage.<br \/>If it is an aligner clincheck to be verified or a lingual treatment set-up or indirect bonding, give us your manufacturer codes and we will provide the service.<br \/><strong><em>99 euros\/month<\/em><\/strong><\/p>\r\n<div class=\"uagb-ifb-button-wrapper wp-block-button\"><a class=\"uagb-infobox-cta-link wp-block-button__link\" href=\"\/en\/produits\/silver\/\" target=\"_self\" rel=\"noopener noreferrer\"><span class=\"uagb-inline-editing\">Get started<\/span><\/a><\/div>\r\n<\/div>\r\n<\/div>\r\n<\/div>\r\n<\/div>\r\n\r\n\r\n\r\n<div class=\"wp-block-uagb-container uagb-block-64c2a67e\">\r\n<div class=\"wp-block-uagb-container uagb-block-3fbfeeed\">\r\n<div class=\"wp-block-uagb-image alignleft uagb-block-5517d747 wp-block-uagb-image--layout-default wp-block-uagb-image--effect-static wp-block-uagb-image--align-left\">\r\n<figure class=\"wp-block-uagb-image__figure\"><img decoding=\"async\" class=\"uag-image-1131\" title=\"\" role=\"img\" src=\"https:\/\/www.orthospirits.com\/wp-content\/uploads\/2024\/02\/pexels-photo-16212691.jpg\" sizes=\"(max-width: 480px) 150px\" srcset=\"https:\/\/www.orthospirits.com\/wp-content\/uploads\/2024\/02\/pexels-photo-16212691.jpg ,https:\/\/www.orthospirits.com\/wp-content\/uploads\/2024\/02\/pexels-photo-16212691.jpg 780w, https:\/\/www.orthospirits.com\/wp-content\/uploads\/2024\/02\/pexels-photo-16212691.jpg 360w\" alt=\"\" width=\"600\" height=\"500\" \/><\/figure>\r\n<\/div>\r\n<\/div>\r\n\r\n\r\n\r\n<div class=\"wp-block-uagb-container uagb-block-4906a1e2\">\r\n<div class=\"wp-block-uagb-info-box uagb-block-b2c48bb3 uagb-infobox__content-wrap  uagb-infobox-icon-above-title uagb-infobox-image-valign-top\">\r\n<div class=\"uagb-ifb-content\">\r\n<div class=\"uagb-ifb-title-wrap\"><span class=\"uagb-ifb-title-prefix\">04<\/span>\r\n<h3 class=\"uagb-ifb-title\">GOLD<\/h3>\r\n<\/div>\r\n<p class=\"uagb-ifb-desc\">Opt for our GOLD formula covering 8 cases (diagnosis, treatment plan and clinical follow-up) but with maintenance every 3 months. Follow the planned progress of your case and receive advice at each stage<br \/>A detailed summary will be sent to you, your treatments will be followed step by step.<br \/><strong><em>179 euros\/month<\/em><\/strong><\/p>\r\n<div class=\"uagb-ifb-button-wrapper wp-block-button\"><a class=\"uagb-infobox-cta-link wp-block-button__link\" href=\"\/en\/produits\/gold\/\" target=\"_self\" rel=\"noopener noreferrer\"><span class=\"uagb-inline-editing\">Get started<\/span><\/a><\/div>\r\n<\/div>\r\n<\/div>\r\n<\/div>\r\n<\/div>\r\n\r\n\r\n\r\n<div class=\"wp-block-uagb-container uagb-block-35b1f2fe\">\r\n<div class=\"wp-block-uagb-container uagb-block-d54847b2\">\r\n<div class=\"wp-block-uagb-image alignleft uagb-block-8857afe7 wp-block-uagb-image--layout-default wp-block-uagb-image--effect-static wp-block-uagb-image--align-left\">\r\n<figure class=\"wp-block-uagb-image__figure\"><img loading=\"lazy\" decoding=\"async\" class=\"uag-image-1451\" title=\"\" role=\"img\" src=\"https:\/\/www.orthospirits.com\/wp-content\/uploads\/2024\/02\/aligner-7169868_1920-1024x683.jpg\" sizes=\"(max-width: 480px) 150px\" srcset=\"https:\/\/www.orthospirits.com\/wp-content\/uploads\/2024\/02\/aligner-7169868_1920-1024x683.jpg ,https:\/\/www.orthospirits.com\/wp-content\/uploads\/2024\/02\/aligner-7169868_1920.jpg 780w, https:\/\/www.orthospirits.com\/wp-content\/uploads\/2024\/02\/aligner-7169868_1920.jpg 360w\" alt=\"\" width=\"600\" height=\"500\" \/><\/figure>\r\n<\/div>\r\n<\/div>\r\n\r\n\r\n\r\n<div class=\"wp-block-uagb-container uagb-block-d6281c9f\">\r\n<div class=\"wp-block-uagb-info-box uagb-block-2d22c933 uagb-infobox__content-wrap  uagb-infobox-icon-above-title uagb-infobox-image-valign-top\">\r\n<div class=\"uagb-ifb-content\">\r\n<div class=\"uagb-ifb-title-wrap\"><span class=\"uagb-ifb-title-prefix\">05<\/span>\r\n<h3 class=\"uagb-ifb-title\">VIP<\/h3>\r\n<\/div>\r\n<p class=\"uagb-ifb-desc\">Choose a security formula and follow 16 cases.<br \/>You will be offered an interview every two months.<br \/>Follow the scheduled progress of your case and receive advice at each stage.<br \/>You benefit from priority access, both in terms of ZOOM and response time.<br \/><strong><em>299 euros\/month<\/em><\/strong><\/p>\r\n<div class=\"uagb-ifb-button-wrapper wp-block-button\"><a class=\"uagb-infobox-cta-link wp-block-button__link\" href=\"\/en\/produits\/vip\/\" target=\"_self\" rel=\"noopener noreferrer\"><span class=\"uagb-inline-editing\">Get started<\/span><\/a><\/div>\r\n<\/div>\r\n<\/div>\r\n<\/div>\r\n<\/div>\r\n\r\n\r\n\r\n<div class=\"wp-block-uagb-info-box uagb-block-56ec0428 uagb-infobox__content-wrap  uagb-infobox-icon-above-title uagb-infobox-image-valign-top\">\r\n<div class=\"uagb-ifb-content\">\r\n<div class=\"uagb-ifb-icon-wrap\">\u00a0<\/div>\r\n<div class=\"uagb-ifb-title-wrap\">\r\n<h3 class=\"uagb-ifb-title\">CUSTOM<\/h3>\r\n<\/div>\r\n<p class=\"uagb-ifb-desc\" style=\"text-align: left;\">ON QUOTE. If you consider that your need for assistance is greater than the packages offered, we offer you an individualized proposal!<br \/>do not hesitate to contact us!<\/p>\r\n<\/div>\r\n<\/div>\r\n\r\n\r\n\r\n<div class=\"wp-block-uagb-image aligncenter uagb-block-b1a79793 wp-block-uagb-image--layout-default wp-block-uagb-image--effect-static wp-block-uagb-image--align-center\">\r\n<figure class=\"wp-block-uagb-image__figure\"><img loading=\"lazy\" decoding=\"async\" class=\"alignnone size-full wp-image-2937\" src=\"https:\/\/www.orthospirits.com\/wp-content\/uploads\/2024\/09\/Capture-19.20.39-257x300-1.png\" alt=\"\" width=\"257\" height=\"300\" srcset=\"https:\/\/www.orthospirits.com\/wp-content\/uploads\/2024\/09\/Capture-19.20.39-257x300-1.png 257w, https:\/\/www.orthospirits.com\/wp-content\/uploads\/2024\/09\/Capture-19.20.39-257x300-1-10x12.png 10w\" sizes=\"(max-width: 257px) 100vw, 257px\" \/><\/figure>\r\n<\/div>\r\n\r\n\r\n\r\n<div class=\"wp-block-uagb-container uagb-block-407e9912 alignfull uagb-is-root-container\">\r\n<div class=\"uagb-container-inner-blocks-wrap\">\r\n<div class=\"wp-block-uagb-testimonial uagb-slick-carousel uagb-tm__arrow-outside uagb-block-63d6bdbb uagb-post__carousel_notset uagb-post__carousel_notset-tablet uagb-post__carousel_notset-mobile\">\r\n<div class=\"is-carousel uagb-tm__columns-1 uagb-tm__items\">\r\n<div class=\"uagb-testimonial__wrap  uagb-tm__imgicon-style-circle uagb-tm__image-position-top uagb-tm__bg-type-none\">\r\n<div class=\"uagb-tm__content\">\r\n<div class=\"uagb-tm__overlay\">\u00a0<\/div>\r\n<div class=\"uagb-tm__image-content\">\u00a0<\/div>\r\n<div class=\"uagb-tm__text-wrap\">\r\n<div class=\"uagb-tm__meta-inner\">\r\n<div class=\"uagb-testimonial-details\">\u00a0<\/div>\r\n<\/div>\r\n<\/div>\r\n<\/div>\r\n<\/div>\r\n<\/div>\r\n<\/div>\r\n<\/div>\r\n<\/div>\r\n\r\n\r\n\r\n<div class=\"wp-block-uagb-container uagb-block-c6476a98 alignfull uagb-is-root-container\">\r\n<div class=\"uagb-container-inner-blocks-wrap\">\r\n<div class=\"wp-block-uagb-container uagb-block-499f3e2a\">\r\n<div class=\"wp-block-uagb-advanced-heading uagb-block-6fe09642\">\r\n<h3 class=\"uagb-heading-text\" style=\"text-align: left;\">Pursue Excellence in Orthodontics<\/h3>\r\n<\/div>\r\n\r\n\r\n\r\n<div class=\"wp-block-uagb-advanced-heading uagb-block-72279faa\">\r\n<p class=\"uagb-heading-text\">In order to provide the best possible care given current medical knowledge.<\/p>\r\n<\/div>\r\n<\/div>\r\n\r\n\r\n\r\n<div class=\"wp-block-uagb-container uagb-block-8c7963ad\">\r\n<div class=\"wp-block-uagb-container uagb-block-a2b4d0ac\">\r\n<div class=\"wp-block-uagb-image alignleft uagb-block-7a16e14f wp-block-uagb-image--layout-default wp-block-uagb-image--effect-static wp-block-uagb-image--align-left\">\r\n<figure class=\"wp-block-uagb-image__figure\"><img loading=\"lazy\" decoding=\"async\" class=\"uag-image-1149\" title=\"\" role=\"img\" src=\"https:\/\/www.orthospirits.com\/wp-content\/uploads\/2024\/02\/Capture-decran-2024-01-26-a-12.45.41.png\" sizes=\"(max-width: 480px) 150px\" srcset=\"https:\/\/www.orthospirits.com\/wp-content\/uploads\/2024\/02\/Capture-decran-2024-01-26-a-12.45.41.png ,https:\/\/www.orthospirits.com\/wp-content\/uploads\/2024\/02\/Capture-decran-2024-01-26-a-12.45.41.png 780w, https:\/\/www.orthospirits.com\/wp-content\/uploads\/2024\/02\/Capture-decran-2024-01-26-a-12.45.41.png 360w\" alt=\"\" width=\"600\" height=\"450\" \/><\/figure>\r\n<\/div>\r\n\r\n\r\n\r\n<div class=\"wp-block-uagb-advanced-heading uagb-block-c5a580ac\">\r\n<h3 class=\"uagb-heading-text\">Clin-check accuracy<\/h3>\r\n<p class=\"uagb-desc-text\">If you choose treatment by aligners, give us the code of your manufacturer portal and we will check your set-ups.<\/p>\r\n<\/div>\r\n\r\n\r\n Because an aligner treatment never ends as shown in the preview. \u00bbIt is not about the plastic, it\u2019s about the plan \u00bbso fine-tune your attachments to add! and above all, know that in 80% of cases there will be a need to add finishing aligners , auxiliaries (qhx?) or even a hybrid treatment (fixed sectional then aligners). \r\n\r\n\r\n<p>Increase your success rate with <mark class=\"has-inline-color has-ast-global-color-0-color\" style=\"background-color: rgba(0, 0, 0, 0);\">Ortho Spirits<\/mark>\u00a0Increase your success rate with Ortho Spirits : Expert treatment planning made simple . Unlock the full potential of clear aligners with our meticulous treatment planning services. We will develop personalized plans for predictable results, happier patients and a thriving practice. Stop delays and frustrations in treatments! Our expert team analyzes complex cases, optimizes aligner sequences, and prepares you for  aligner success. Schedule a free consultation and learn how our scheduling services can benefit your patients and your practice.<\/p>\r\n\r\n\r\n<\/div>\r\n\r\n\r\n\r\n<div class=\"wp-block-uagb-container uagb-block-918d0378\">\r\n<div class=\"wp-block-uagb-image uagb-block-0a080123 wp-block-uagb-image--layout-default wp-block-uagb-image--effect-static wp-block-uagb-image--align-none\">\r\n<figure class=\"wp-block-uagb-image__figure\"><img loading=\"lazy\" decoding=\"async\" class=\"uag-image-1169\" title=\"\" role=\"img\" src=\"https:\/\/www.orthospirits.com\/wp-content\/uploads\/2024\/02\/Capture-decran-2024-01-26-a-17.18.29.png\" sizes=\"(max-width: 480px) 150px\" srcset=\"https:\/\/www.orthospirits.com\/wp-content\/uploads\/2024\/02\/Capture-decran-2024-01-26-a-17.18.29.png ,https:\/\/www.orthospirits.com\/wp-content\/uploads\/2024\/02\/Capture-decran-2024-01-26-a-17.18.29.png 780w, https:\/\/www.orthospirits.com\/wp-content\/uploads\/2024\/02\/Capture-decran-2024-01-26-a-17.18.29.png 360w\" alt=\"\" width=\"600\" height=\"450\" \/><\/figure>\r\n<\/div>\r\n\r\n\r\n\r\n<div class=\"wp-block-uagb-advanced-heading uagb-block-53687665\">\r\n<h3 class=\"uagb-heading-text\">easy<\/h3>\r\n<p class=\"uagb-desc-text\">Gather all the clinical data, discuss your patient's motivations (treatment with aligners, multi-straight-wire vestibular or lingual attachments, or simple pre-prosthetic preparation), and send them to us via our secure email. With the emergence new technologies, there are better and safer ways to move teeth, significantly minimizing tooth extraction, little to no root damage and up to 70% less pain.<\/p>\r\n<\/div>\r\n\r\n\r\n\r\n<div class=\"wp-block-buttons is-layout-flex wp-block-buttons-is-layout-flex\">\r\n<div class=\"wp-block-button\"><a class=\"wp-block-button__link wp-element-button\" href=\"https:\/\/www.orthospirits.com\/en\/contact\/\">Join now<\/a><\/div>\r\n<\/div>\r\n<\/div>\r\n<\/div>\r\n\r\n\r\n\r\n\r\n\n<div class=\"wp-block-uagb-container uagb-block-c84325e4 alignfull uagb-is-root-container\"><div class=\"uagb-container-inner-blocks-wrap\">\n<div class=\"wp-block-uagb-info-box uagb-block-d8a09d88 uagb-infobox__content-wrap  uagb-infobox-icon-above-title uagb-infobox-image-valign-top\"><div class=\"uagb-ifb-content\"><div class=\"uagb-ifb-title-wrap\"><h2 class=\"uagb-ifb-title\"> transform your orthodontic workflow today<\/h2><\/div><p class=\"uagb-ifb-desc\">Join <mark style=\"background-color:rgba(0, 0, 0, 0)\" class=\"has-inline-color has-ast-global-color-0-color\">Ortho Spirits<\/mark> now , follow our acute advices , anticipate the problems<br>lower your stress <\/p><div class=\"uagb-ifb-button-wrapper wp-block-button\"><a href=\"\/en\/contact\/\" class=\"uagb-infobox-cta-link wp-block-button__link\" target=\"_self\" rel=\"noopener noreferrer\" onclick=\"return true;\" alt=\"\"><span class=\"uagb-inline-editing\">Join now<\/span><\/a><\/div><\/div><\/div>\n<\/div><\/div>\n\n\n\n<figure class=\"wp-block-image\"><img decoding=\"async\" src=\"blob:https:\/\/www.orthospirits.com\/3550a708-f833-4f2e-aee2-2ac889e1998e\" alt=\"\"\/><\/figure>\n<\/div>\r\n<\/div>\r\n<\/div>\r\n<\/div>","protected":false},"excerpt":{"rendered":"<p>Recherchez l&rsquo;Excellence en Orthodontie Afin de prodiguer les meilleurs soins possibles eu \u00e9gard aux connaissances actuelles de la m\u00e9decine. Precision du clin-check Si vous choisissez un traitement par aligner, confiez-nous le code de votre portail fabriquant et nous v\u00e9rifions vos set-up. Car un traitement par goutti\u00e8re ne se termine jamais comme montr\u00e9 sur la pr\u00e9-visualisation. [&hellip;]<\/p>\n","protected":false},"author":1977,"featured_media":0,"parent":0,"menu_order":0,"comment_status":"closed","ping_status":"closed","template":"","meta":{"_uag_custom_page_level_css":"","site-sidebar-layout":"default","site-content-layout":"","ast-site-content-layout":"default","site-content-style":"default","site-sidebar-style":"default","ast-global-header-display":"","ast-banner-title-visibility":"","ast-main-header-display":"","ast-hfb-above-header-display":"","ast-hfb-below-header-display":"","ast-hfb-mobile-header-display":"","site-post-title":"","ast-breadcrumbs-content":"","ast-featured-img":"","footer-sml-layout":"","ast-disable-related-posts":"","theme-transparent-header-meta":"default","adv-header-id-meta":"","stick-header-meta":"","header-above-stick-meta":"","header-main-stick-meta":"","header-below-stick-meta":"","astra-migrate-meta-layouts":"set","ast-page-background-enabled":"default","ast-page-background-meta":{"desktop":{"background-color":"var(--ast-global-color-4)","background-image":"","background-repeat":"repeat","background-position":"center center","background-size":"auto","background-attachment":"scroll","background-type":"","background-media":"","overlay-type":"","overlay-color":"","overlay-opacity":"","overlay-gradient":""},"tablet":{"background-color":"","background-image":"","background-repeat":"repeat","background-position":"center center","background-size":"auto","background-attachment":"scroll","background-type":"","background-media":"","overlay-type":"","overlay-color":"","overlay-opacity":"","overlay-gradient":""},"mobile":{"background-color":"","background-image":"","background-repeat":"repeat","background-position":"center center","background-size":"auto","background-attachment":"scroll","background-type":"","background-media":"","overlay-type":"","overlay-color":"","overlay-opacity":"","overlay-gradient":""}},"ast-content-background-meta":{"desktop":{"background-color":"var(--ast-global-color-5)","background-image":"","background-repeat":"repeat","background-position":"center center","background-size":"auto","background-attachment":"scroll","background-type":"","background-media":"","overlay-type":"","overlay-color":"","overlay-opacity":"","overlay-gradient":""},"tablet":{"background-color":"var(--ast-global-color-5)","background-image":"","background-repeat":"repeat","background-position":"center center","background-size":"auto","background-attachment":"scroll","background-type":"","background-media":"","overlay-type":"","overlay-color":"","overlay-opacity":"","overlay-gradient":""},"mobile":{"background-color":"var(--ast-global-color-5)","background-image":"","background-repeat":"repeat","background-position":"center center","background-size":"auto","background-attachment":"scroll","background-type":"","background-media":"","overlay-type":"","overlay-color":"","overlay-opacity":"","overlay-gradient":""}},"footnotes":""},"class_list":["post-2832","page","type-page","status-publish","hentry"],"uagb_featured_image_src":{"full":false,"thumbnail":false,"medium":false,"medium_large":false,"large":false,"1536x1536":false,"2048x2048":false,"trp-custom-language-flag":false,"woocommerce_thumbnail":false,"woocommerce_single":false,"woocommerce_gallery_thumbnail":false},"uagb_author_info":{"display_name":"romain adiba","author_link":"https:\/\/www.orthospirits.com\/en\/author\/romain-adiba\/"},"uagb_comment_info":0,"uagb_excerpt":"Recherchez l&rsquo;Excellence en Orthodontie Afin de prodiguer les meilleurs soins possibles eu \u00e9gard aux connaissances actuelles de la m\u00e9decine. Precision du clin-check Si vous choisissez un traitement par aligner, confiez-nous le code de votre portail fabriquant et nous v\u00e9rifions vos set-up. Car un traitement par goutti\u00e8re ne se termine jamais comme montr\u00e9 sur la pr\u00e9-visualisation.&hellip;","jetpack_sharing_enabled":true,"_links":{"self":[{"href":"https:\/\/www.orthospirits.com\/en\/wp-json\/wp\/v2\/pages\/2832","targetHints":{"allow":["GET"]}}],"collection":[{"href":"https:\/\/www.orthospirits.com\/en\/wp-json\/wp\/v2\/pages"}],"about":[{"href":"https:\/\/www.orthospirits.com\/en\/wp-json\/wp\/v2\/types\/page"}],"author":[{"embeddable":true,"href":"https:\/\/www.orthospirits.com\/en\/wp-json\/wp\/v2\/users\/1977"}],"replies":[{"embeddable":true,"href":"https:\/\/www.orthospirits.com\/en\/wp-json\/wp\/v2\/comments?post=2832"}],"version-history":[{"count":26,"href":"https:\/\/www.orthospirits.com\/en\/wp-json\/wp\/v2\/pages\/2832\/revisions"}],"predecessor-version":[{"id":3134,"href":"https:\/\/www.orthospirits.com\/en\/wp-json\/wp\/v2\/pages\/2832\/revisions\/3134"}],"wp:attachment":[{"href":"https:\/\/www.orthospirits.com\/en\/wp-json\/wp\/v2\/media?parent=2832"}],"curies":[{"name":"wp","href":"https:\/\/api.w.org\/{rel}","templated":true}]}}