{"id":1312,"date":"2024-02-21T11:00:51","date_gmt":"2024-02-21T11:00:51","guid":{"rendered":"https:\/\/devoted-dancause-36.zipwp.dev\/?page_id=1312"},"modified":"2024-09-03T13:47:03","modified_gmt":"2024-09-03T13:47:03","slug":"mentions-legales","status":"publish","type":"page","link":"https:\/\/www.orthospirits.com\/en\/mentions-legales\/","title":{"rendered":"Legal notice"},"content":{"rendered":"<p>Mises \u00e0 jour le 22\/02\/2024<\/p>\r\n\r\n\r\n\r\n<ul class=\"wp-block-list\">\r\n<li>EDITEUR<br>Le site\u00a0www.orthospirits.com\u00a0est \u00e9dit\u00e9 par la soci\u00e9t\u00e9 ORTHOSPIRITS, soci\u00e9t\u00e9 par actions simplifi\u00e9e, au capital social de 10 000,00 \u20ac, dont le si\u00e8ge social est situ\u00e9 au 101 av h martin , 75000 PARIS, immatricul\u00e9e au Registre du Commerce et des Soci\u00e9t\u00e9s de PARIS sous le num\u00e9ro 543873210 repr\u00e9sent\u00e9e par M Luc ARZEL agissant et ayant les pouvoirs n\u00e9cessaires en tant que pr\u00e9sident, dont le num\u00e9ro de TVA intracommunautaire est FR6191621750.<a href=\"mailto:clinique@orthosafe.fr\"><br><\/a><\/li>\r\n\r\n\r\n\r\n<li>DIRECTEUR DE PUBLICATION<br>Monsieur luc ARZEL<a href=\"mailto:clinique@orthosafe.fr\"><br><\/a><\/li>\r\n\r\n\r\n\r\n<li>HEBERGEMENT<br>Le site www.orthospirits est h\u00e9berg\u00e9e par la soci\u00e9t\u00e9 GANDI situ\u00e9e 19867 oxley street PASADENA , USA<br><a href=\"https:\/\/www.ovhcloud.com\/fr\/contact\/\" target=\"_blank\" rel=\"noreferrer noopener\"><br><\/a><\/li>\r\n\r\n\r\n\r\n<li>UTILISATION DU SITE<\/li>\r\n<\/ul>\r\n\r\n\r\n\r\n<p>Limitation de responsabilit\u00e9<br>L\u2019EDITEUR NE PROPOSE AUCUN SERVICE MEDICAL AUPRES DES UTILISATEURS DU SITE.<br>Le service est strictement limit\u00e9 \u00e0 une mise en relation des chirurgiens-dentistes avec des orthodontistes pour obtenir leur avis sur un cas clinique rencontr\u00e9 et \u00e9changer des informations. Tout avis m\u00e9dical est fourni par un professionnel de sant\u00e9 ind\u00e9pendant de l\u2019Editeur.<br>L\u2019Utilisateur est seul responsable des interpr\u00e9tations qu\u2019il fait des informations fournies sur le site.<br>La souscription d\u2019un abonnement aux services propos\u00e9s par l\u2019Editeur sur le site est soumise \u00e0 l\u2019acceptation de conditions g\u00e9n\u00e9rales d\u2019utilisation et d\u2019abonnement distinctes des pr\u00e9sentes mentions l\u00e9gales du site.<\/p>\r\n\r\n\r\n\r\n<p>Propri\u00e9t\u00e9 intellectuelle<br>Sous r\u00e9serve des droits de ses partenaires, le contenu du site est la propri\u00e9t\u00e9 exclusive de l\u2019\u00c9diteur et est prot\u00e9g\u00e9 par les lois fran\u00e7aises et internationales relatives \u00e0 la propri\u00e9t\u00e9 intellectuelle. Ce droit de propri\u00e9t\u00e9 inclut, le cas \u00e9ch\u00e9ant, les bases de donn\u00e9es pr\u00e9sentes sur le site qui sont prot\u00e9g\u00e9es au titre du droit sui generis des producteurs de bases de donn\u00e9es.<br>Les \u00e9l\u00e9ments du site, pris dans leur ensemble ou individuellement, ne peuvent faire l\u2019objet d\u2019aucune utilisation, transformation, traduction, adaptation, reproduction, exploitation, totale ou partielle, non express\u00e9ment autoris\u00e9e par l\u2019\u00c9diteur, sous peine de poursuites.<br>Par cons\u00e9quent, l\u2019exploitation totale ou partielle de tout contenu appartenant \u00e0 l\u2019Editeur ou ses Partenaires, ainsi que d\u00e9sassemblages, d\u00e9compilations, d\u00e9cryptages, extractions y compris au moyen de tout robot ou logiciel d\u2019indexation de contenus (crawling, scrapping\u2026), r\u00e9utilisations, et plus g\u00e9n\u00e9ralement toute copie, reproduction, adaptation, modification, traduction ou transformation du contenu est strictement interdite sauf autorisation pr\u00e9alable de l\u2019Editeur.<\/p>\r\n\r\n\r\n\r\n<p>Liens hypertextes<br>Le site est susceptible de diriger l\u2019utilisateur via des liens hypertextes vers d\u2019autres sites internet du m\u00eame \u00c9diteur ou de tiers. Il appartient \u00e0 l\u2019utilisateur de consulter les mentions l\u00e9gales de ces sites et de respecter leurs \u00e9ventuelles conditions d\u2019utilisation.<br>L\u2019\u00c9diteur ne pourra en aucun cas \u00eatre tenu pour responsable des informations diffus\u00e9es sur les sites vers lesquels renvoient des liens hypertextes pr\u00e9sents sur son site ainsi que de tous pr\u00e9judices de quelque nature que ce soit r\u00e9sultant notamment de l\u2019acc\u00e8s \u00e0 ceux-ci.<br>Si une personne dirige ses utilisateurs vers le pr\u00e9sent site internet, l\u2019\u00c9diteur se r\u00e9serve la possibilit\u00e9 de demander la suppression du lien hypertexte pointant vers ce site s\u2019il estime que ce lien n\u2019est pas conforme \u00e0 ses droits et int\u00e9r\u00eats l\u00e9gitimes.<\/p>\r\n\r\n\r\n\r\n<p>Donn\u00e9es personnelles, cookies et traceurs<br>Tout utilisateur peut se renseigner sur les traitements de donn\u00e9es \u00e0 caract\u00e8re personnel r\u00e9alis\u00e9s sur le site par l\u2019\u00c9diteur en consultant la politique de confidentialit\u00e9 du site.<br>L\u2019outil de gestion du consentement en mati\u00e8re de cookies et traceurs est accessible \u00e0 la lecture des conditions d&rsquo;utilisations (CGUA).<\/p>\r\n\r\n<p>&nbsp;<\/p>","protected":false},"excerpt":{"rendered":"<p>Mises \u00e0 jour le 22\/02\/2024 Limitation de responsabilit\u00e9L\u2019EDITEUR NE PROPOSE AUCUN SERVICE MEDICAL AUPRES DES UTILISATEURS DU SITE.Le service est strictement limit\u00e9 \u00e0 une mise en relation des chirurgiens-dentistes avec des orthodontistes pour obtenir leur avis sur un cas clinique rencontr\u00e9 et \u00e9changer des informations. Tout avis m\u00e9dical est fourni par un professionnel de sant\u00e9 [&hellip;]<\/p>\n","protected":false},"author":6,"featured_media":0,"parent":0,"menu_order":0,"comment_status":"closed","ping_status":"closed","template":"","meta":{"_uag_custom_page_level_css":"","site-sidebar-layout":"default","site-content-layout":"","ast-site-content-layout":"default","site-content-style":"default","site-sidebar-style":"default","ast-global-header-display":"","ast-banner-title-visibility":"","ast-main-header-display":"","ast-hfb-above-header-display":"","ast-hfb-below-header-display":"","ast-hfb-mobile-header-display":"","site-post-title":"","ast-breadcrumbs-content":"","ast-featured-img":"","footer-sml-layout":"","ast-disable-related-posts":"","theme-transparent-header-meta":"default","adv-header-id-meta":"","stick-header-meta":"","header-above-stick-meta":"","header-main-stick-meta":"","header-below-stick-meta":"","astra-migrate-meta-layouts":"set","ast-page-background-enabled":"default","ast-page-background-meta":{"desktop":{"background-color":"var(--ast-global-color-4)","background-image":"","background-repeat":"repeat","background-position":"center center","background-size":"auto","background-attachment":"scroll","background-type":"","background-media":"","overlay-type":"","overlay-color":"","overlay-opacity":"","overlay-gradient":""},"tablet":{"background-color":"","background-image":"","background-repeat":"repeat","background-position":"center center","background-size":"auto","background-attachment":"scroll","background-type":"","background-media":"","overlay-type":"","overlay-color":"","overlay-opacity":"","overlay-gradient":""},"mobile":{"background-color":"","background-image":"","background-repeat":"repeat","background-position":"center center","background-size":"auto","background-attachment":"scroll","background-type":"","background-media":"","overlay-type":"","overlay-color":"","overlay-opacity":"","overlay-gradient":""}},"ast-content-background-meta":{"desktop":{"background-color":"var(--ast-global-color-5)","background-image":"","background-repeat":"repeat","background-position":"center center","background-size":"auto","background-attachment":"scroll","background-type":"","background-media":"","overlay-type":"","overlay-color":"","overlay-opacity":"","overlay-gradient":""},"tablet":{"background-color":"var(--ast-global-color-5)","background-image":"","background-repeat":"repeat","background-position":"center center","background-size":"auto","background-attachment":"scroll","background-type":"","background-media":"","overlay-type":"","overlay-color":"","overlay-opacity":"","overlay-gradient":""},"mobile":{"background-color":"var(--ast-global-color-5)","background-image":"","background-repeat":"repeat","background-position":"center center","background-size":"auto","background-attachment":"scroll","background-type":"","background-media":"","overlay-type":"","overlay-color":"","overlay-opacity":"","overlay-gradient":""}},"footnotes":""},"class_list":["post-1312","page","type-page","status-publish","hentry"],"uagb_featured_image_src":{"full":false,"thumbnail":false,"medium":false,"medium_large":false,"large":false,"1536x1536":false,"2048x2048":false,"trp-custom-language-flag":false,"woocommerce_thumbnail":false,"woocommerce_single":false,"woocommerce_gallery_thumbnail":false},"uagb_author_info":{"display_name":"Luc Arzel","author_link":"https:\/\/www.orthospirits.com\/en\/author\/ad1sui8b4x0f\/"},"uagb_comment_info":0,"uagb_excerpt":"Mises \u00e0 jour le 22\/02\/2024 Limitation de responsabilit\u00e9L\u2019EDITEUR NE PROPOSE AUCUN SERVICE MEDICAL AUPRES DES UTILISATEURS DU SITE.Le service est strictement limit\u00e9 \u00e0 une mise en relation des chirurgiens-dentistes avec des orthodontistes pour obtenir leur avis sur un cas clinique rencontr\u00e9 et \u00e9changer des informations. Tout avis m\u00e9dical est fourni par un professionnel de sant\u00e9&hellip;","jetpack_sharing_enabled":true,"_links":{"self":[{"href":"https:\/\/www.orthospirits.com\/en\/wp-json\/wp\/v2\/pages\/1312","targetHints":{"allow":["GET"]}}],"collection":[{"href":"https:\/\/www.orthospirits.com\/en\/wp-json\/wp\/v2\/pages"}],"about":[{"href":"https:\/\/www.orthospirits.com\/en\/wp-json\/wp\/v2\/types\/page"}],"author":[{"embeddable":true,"href":"https:\/\/www.orthospirits.com\/en\/wp-json\/wp\/v2\/users\/6"}],"replies":[{"embeddable":true,"href":"https:\/\/www.orthospirits.com\/en\/wp-json\/wp\/v2\/comments?post=1312"}],"version-history":[{"count":3,"href":"https:\/\/www.orthospirits.com\/en\/wp-json\/wp\/v2\/pages\/1312\/revisions"}],"predecessor-version":[{"id":2740,"href":"https:\/\/www.orthospirits.com\/en\/wp-json\/wp\/v2\/pages\/1312\/revisions\/2740"}],"wp:attachment":[{"href":"https:\/\/www.orthospirits.com\/en\/wp-json\/wp\/v2\/media?parent=1312"}],"curies":[{"name":"wp","href":"https:\/\/api.w.org\/{rel}","templated":true}]}}