{"id":1253,"date":"2024-02-10T16:45:02","date_gmt":"2024-02-10T16:45:02","guid":{"rendered":"https:\/\/devoted-dancause-36.zipwp.dev\/?page_id=1253"},"modified":"2024-09-04T08:00:34","modified_gmt":"2024-09-04T08:00:34","slug":"e-learning","status":"publish","type":"page","link":"https:\/\/www.orthospirits.com\/en\/e-learning\/","title":{"rendered":"E-learning"},"content":{"rendered":"<!--<p class=\"has-ast-global-color-1-color has-text-color has-link-color has-large-font-size\"><strong><mark class=\"has-inline-color has-ast-global-color-0-color\" style=\"background-color: rgba(0, 0, 0, 0);\">ORTHO SPIRITS ACADEMY<\/mark><\/strong> (coming soon)<\/p>-->\r\n<h1 style=\"text-align: center;\"><span class=\"titre-1\" style=\"color: #3a3a3a;\">Page coming soon<\/span><\/h1>\r\n<p>&nbsp;<\/p>\r\n<figure class=\"wp-block-image size-full is-resized has-custom-border is-style-rounded\"><img fetchpriority=\"high\" decoding=\"async\" class=\"size-large wp-image-2741 aligncenter\" style=\"border-width: 3px; border-radius: 10px;\" src=\"https:\/\/www.orthospirits.com\/wp-content\/uploads\/2024\/09\/pexels-cottonbro-6502029-1024x683.jpg\" alt=\"\" width=\"1024\" height=\"683\" srcset=\"https:\/\/www.orthospirits.com\/wp-content\/uploads\/2024\/09\/pexels-cottonbro-6502029-1024x683.jpg 1024w, https:\/\/www.orthospirits.com\/wp-content\/uploads\/2024\/09\/pexels-cottonbro-6502029-300x200.jpg 300w, https:\/\/www.orthospirits.com\/wp-content\/uploads\/2024\/09\/pexels-cottonbro-6502029-768x512.jpg 768w, https:\/\/www.orthospirits.com\/wp-content\/uploads\/2024\/09\/pexels-cottonbro-6502029-1536x1024.jpg 1536w, https:\/\/www.orthospirits.com\/wp-content\/uploads\/2024\/09\/pexels-cottonbro-6502029-2048x1365.jpg 2048w, https:\/\/www.orthospirits.com\/wp-content\/uploads\/2024\/09\/pexels-cottonbro-6502029-18x12.jpg 18w, https:\/\/www.orthospirits.com\/wp-content\/uploads\/2024\/09\/pexels-cottonbro-6502029-1320x880.jpg 1320w, https:\/\/www.orthospirits.com\/wp-content\/uploads\/2024\/09\/pexels-cottonbro-6502029-600x400.jpg 600w\" sizes=\"(max-width: 1024px) 100vw, 1024px\" \/><\/figure>\r\n<p>&nbsp;<\/p>\r\n<!-- \/wp:post-content -->\r\n<p class=\"text-elearn\">Coming soon, our e-learning page will offer you a wide range of training modules designed to enrich your knowledge and skills. Whether you are in training, or already a practicing professional, you will be able to access educational videos, detailed teaching sheets, as well as practical clinical examples to reinforce your learning. Stay tuned to discover our exclusive content which will be available soon, to support you in your learning journey in a flexible and interactive way.<\/p>\r\n<p>&nbsp;<\/p>","protected":false},"excerpt":{"rendered":"<p>Page en construction &nbsp; &nbsp; Prochainement, notre page e-learning vous proposera une vaste gamme de modules de formation con\u00e7us pour enrichir vos connaissances et comp\u00e9tences. Que vous soyez en formation, ou d\u00e9j\u00e0 un professionnel en exercice, vous pourrez acc\u00e9der \u00e0 des vid\u00e9os \u00e9ducatives, des fiches p\u00e9dagogiques d\u00e9taill\u00e9es, ainsi que des exemples cliniques pratiques pour renforcer [&hellip;]<\/p>\n","protected":false},"author":6,"featured_media":0,"parent":0,"menu_order":0,"comment_status":"closed","ping_status":"closed","template":"","meta":{"_uag_custom_page_level_css":"","site-sidebar-layout":"default","site-content-layout":"","ast-site-content-layout":"default","site-content-style":"default","site-sidebar-style":"default","ast-global-header-display":"","ast-banner-title-visibility":"","ast-main-header-display":"","ast-hfb-above-header-display":"","ast-hfb-below-header-display":"","ast-hfb-mobile-header-display":"","site-post-title":"","ast-breadcrumbs-content":"","ast-featured-img":"","footer-sml-layout":"","ast-disable-related-posts":"","theme-transparent-header-meta":"default","adv-header-id-meta":"","stick-header-meta":"","header-above-stick-meta":"","header-main-stick-meta":"","header-below-stick-meta":"","astra-migrate-meta-layouts":"set","ast-page-background-enabled":"default","ast-page-background-meta":{"desktop":{"background-color":"var(--ast-global-color-4)","background-image":"","background-repeat":"repeat","background-position":"center center","background-size":"auto","background-attachment":"scroll","background-type":"","background-media":"","overlay-type":"","overlay-color":"","overlay-opacity":"","overlay-gradient":""},"tablet":{"background-color":"","background-image":"","background-repeat":"repeat","background-position":"center center","background-size":"auto","background-attachment":"scroll","background-type":"","background-media":"","overlay-type":"","overlay-color":"","overlay-opacity":"","overlay-gradient":""},"mobile":{"background-color":"","background-image":"","background-repeat":"repeat","background-position":"center center","background-size":"auto","background-attachment":"scroll","background-type":"","background-media":"","overlay-type":"","overlay-color":"","overlay-opacity":"","overlay-gradient":""}},"ast-content-background-meta":{"desktop":{"background-color":"var(--ast-global-color-5)","background-image":"","background-repeat":"repeat","background-position":"center center","background-size":"auto","background-attachment":"scroll","background-type":"","background-media":"","overlay-type":"","overlay-color":"","overlay-opacity":"","overlay-gradient":""},"tablet":{"background-color":"var(--ast-global-color-5)","background-image":"","background-repeat":"repeat","background-position":"center center","background-size":"auto","background-attachment":"scroll","background-type":"","background-media":"","overlay-type":"","overlay-color":"","overlay-opacity":"","overlay-gradient":""},"mobile":{"background-color":"var(--ast-global-color-5)","background-image":"","background-repeat":"repeat","background-position":"center center","background-size":"auto","background-attachment":"scroll","background-type":"","background-media":"","overlay-type":"","overlay-color":"","overlay-opacity":"","overlay-gradient":""}},"footnotes":""},"class_list":["post-1253","page","type-page","status-publish","hentry"],"uagb_featured_image_src":{"full":false,"thumbnail":false,"medium":false,"medium_large":false,"large":false,"1536x1536":false,"2048x2048":false,"trp-custom-language-flag":false,"woocommerce_thumbnail":false,"woocommerce_single":false,"woocommerce_gallery_thumbnail":false},"uagb_author_info":{"display_name":"Luc Arzel","author_link":"https:\/\/www.orthospirits.com\/en\/author\/ad1sui8b4x0f\/"},"uagb_comment_info":0,"uagb_excerpt":"Page en construction &nbsp; &nbsp; Prochainement, notre page e-learning vous proposera une vaste gamme de modules de formation con\u00e7us pour enrichir vos connaissances et comp\u00e9tences. Que vous soyez en formation, ou d\u00e9j\u00e0 un professionnel en exercice, vous pourrez acc\u00e9der \u00e0 des vid\u00e9os \u00e9ducatives, des fiches p\u00e9dagogiques d\u00e9taill\u00e9es, ainsi que des exemples cliniques pratiques pour renforcer&hellip;","jetpack_sharing_enabled":true,"_links":{"self":[{"href":"https:\/\/www.orthospirits.com\/en\/wp-json\/wp\/v2\/pages\/1253","targetHints":{"allow":["GET"]}}],"collection":[{"href":"https:\/\/www.orthospirits.com\/en\/wp-json\/wp\/v2\/pages"}],"about":[{"href":"https:\/\/www.orthospirits.com\/en\/wp-json\/wp\/v2\/types\/page"}],"author":[{"embeddable":true,"href":"https:\/\/www.orthospirits.com\/en\/wp-json\/wp\/v2\/users\/6"}],"replies":[{"embeddable":true,"href":"https:\/\/www.orthospirits.com\/en\/wp-json\/wp\/v2\/comments?post=1253"}],"version-history":[{"count":48,"href":"https:\/\/www.orthospirits.com\/en\/wp-json\/wp\/v2\/pages\/1253\/revisions"}],"predecessor-version":[{"id":2826,"href":"https:\/\/www.orthospirits.com\/en\/wp-json\/wp\/v2\/pages\/1253\/revisions\/2826"}],"wp:attachment":[{"href":"https:\/\/www.orthospirits.com\/en\/wp-json\/wp\/v2\/media?parent=1253"}],"curies":[{"name":"wp","href":"https:\/\/api.w.org\/{rel}","templated":true}]}}