{"id":1182,"date":"2024-02-08T06:42:49","date_gmt":"2024-02-08T06:42:49","guid":{"rendered":"https:\/\/devoted-dancause-36.zipwp.dev\/?page_id=1182"},"modified":"2024-09-03T15:40:18","modified_gmt":"2024-09-03T15:40:18","slug":"orthodontie-pre-implantaire-et-pre-prothetique","status":"publish","type":"page","link":"https:\/\/www.orthospirits.com\/en\/orthodontie-pre-implantaire-et-pre-prothetique\/","title":{"rendered":"pre-prosthetic ortho"},"content":{"rendered":"<div class=\"wp-block-uagb-container uagb-block-dl4sixdv alignfull uagb-is-root-container\">\r\n<div class=\"uagb-container-inner-blocks-wrap\">\r\n<div class=\"wp-block-uagb-info-box uagb-block-tlrdosrp uagb-infobox__content-wrap  uagb-infobox-icon-above-title uagb-infobox-image-valign-top\">\r\n<div class=\"uagb-ifb-content\">\r\n<div class=\"uagb-ifb-title-wrap\">\r\n<h1><span class=\"titre-1\" style=\"text-align: center; color: #3a3a3a;\">To make the prosthesis easier for you<\/span><\/h1>\r\n<\/div>\r\n<p class=\"uagb-ifb-desc\" style=\"text-align: left;\"><mark class=\"has-inline-color has-ast-global-color-0-color\" style=\"background-color: rgba(0, 0, 0, 0);\">ORTHO SPIRITS<\/mark> is here to help you in your orthodontic preparations, ready to deliver a turnkey solution...and become more conservative<\/p>\r\n<\/div>\r\n<\/div>\r\n<\/div>\r\n<\/div>\r\n\r\n\r\n\r\n<div class=\"wp-block-uagb-container uagb-block-shavxljo alignfull uagb-is-root-container\">\r\n<div class=\"uagb-container-inner-blocks-wrap\">\r\n<div class=\"wp-block-uagb-container uagb-block-cc5rapol\">\r\n<div class=\"wp-block-uagb-container uagb-block-jm30s0w6\">\r\n<div class=\"wp-block-uagb-info-box uagb-block-oyspz4xd uagb-infobox__content-wrap  uagb-infobox-icon-above-title uagb-infobox-image-valign-top\">\r\n<div class=\"uagb-ifb-content\">\r\n<div class=\"uagb-ifb-title-wrap\">\r\n<h2 class=\"uagb-ifb-title\">Our solutions<\/h2>\r\n<\/div>\r\n<p class=\"uagb-ifb-desc\" style=\"text-align: left;\">Pre-implant or pre-prosthetic orthodontic treatments for adults have developed considerably in recent years.<br \/>We have tools at our disposal that allow us to carry out fairly rapid treatments. Responding exactly to the pre-prosthetic challenge, a fixed treatment on a simple sectional or aligner can facilitate the prosthetic follow-up.<br \/>Orthodontics allows odontologists, through teamwork with an orthodontic coach, to expand their treatment possibilities and to have more ambitious objectives with the aim of optimal rehabilitation.<br \/>This with a simple teatment<br \/>Pre-implantation orthodontic preparation will, in certain cases, allow the sites to be arranged; it thus allows optimization of implant construction and its prognosis.<br \/>Therapeutic preview thanks to <mark class=\"has-inline-color has-ast-global-color-0-color\" style=\"background-color: rgba(0, 0, 0, 0);\">ORTHO SPIRITS<\/mark> is a very interesting intellectual process and the guarantee of achieving the end-of-treatment objectives, without compromise.<\/p>\r\n<\/div>\r\n<\/div>\r\n<\/div>\r\n\r\n\r\n\r\n<div class=\"wp-block-uagb-container uagb-block-sulnf044\">\r\n<div class=\"wp-block-uagb-image alignleft uagb-block-jzcaervb wp-block-uagb-image--layout-default wp-block-uagb-image--effect-static wp-block-uagb-image--align-left\">\r\n<figure class=\"wp-block-uagb-image__figure\"><img fetchpriority=\"high\" decoding=\"async\" class=\"uag-image-1199\" title=\"\" role=\"img\" src=\"https:\/\/www.orthospirits.com\/wp-content\/uploads\/2024\/02\/Capture-decran-2024-02-07-a-17.26.23.png\" sizes=\"(max-width: 480px) 150px\" srcset=\"https:\/\/www.orthospirits.com\/wp-content\/uploads\/2024\/02\/Capture-decran-2024-02-07-a-17.26.23.png ,https:\/\/www.orthospirits.com\/wp-content\/uploads\/2024\/02\/Capture-decran-2024-02-07-a-17.26.23.png 780w, https:\/\/www.orthospirits.com\/wp-content\/uploads\/2024\/02\/Capture-decran-2024-02-07-a-17.26.23.png 360w\" alt=\"\" width=\"551\" height=\"559\" \/><\/figure>\r\n<\/div>\r\n\r\n\r\n\r\n<p><em>Molar intrusion with 2mini-screws and elastics worn over the aligner.<\/em><\/p>\r\n\r\n\r\n\r\n<div class=\"wp-block-uagb-info-box uagb-block-zxproqc7 uagb-infobox__content-wrap  uagb-infobox-icon-above-title uagb-infobox-image-valign-top\">\r\n<div class=\"uagb-ifb-content\">\r\n<div class=\"uagb-ifb-title-wrap\">\r\n<h4 class=\"uagb-ifb-title\">innovation<\/h4>\r\n<\/div>\r\n<p class=\"uagb-ifb-desc\">the placement of the implant is not always very simple to carry out. In the case of single or multiple extraction, over time we observe not only the movement of the teeth towards the edentulous site and consequently, a reduction in the adequate prosthetic space, but also bone remodeling which results in a three-dimensional loss of the alveolar crest. Other than advanced surgical techniques, today we have a number of alternatives, including pre-implant orthodontics.<br \/>The opening of space in a case of agenesis will provide undeniable comfort during implant placement<br \/>Finally, bone and periodontal regeneration of the implant site by orthodontic tooth migration can be an interesting alternative solution to bone grafting.<\/p>\r\n<\/div>\r\n<\/div>\r\n<\/div>\r\n<\/div>\r\n\r\n\r\n\r\n<div class=\"wp-block-uagb-container uagb-block-licpkcho\">\r\n<div class=\"wp-block-uagb-container uagb-block-svsr0ejs\">\r\n<div class=\"wp-block-uagb-image alignleft uagb-block-vk5mxpvx wp-block-uagb-image--layout-default wp-block-uagb-image--effect-static wp-block-uagb-image--align-left\">\r\n<figure class=\"wp-block-uagb-image__figure\"><img decoding=\"async\" class=\"uag-image-1197\" title=\"\" role=\"img\" src=\"https:\/\/www.orthospirits.com\/wp-content\/uploads\/2024\/02\/Capture-decran-2024-01-28-a-17.02.07-1024x641.png\" sizes=\"(max-width: 480px) 150px\" srcset=\"https:\/\/www.orthospirits.com\/wp-content\/uploads\/2024\/02\/Capture-decran-2024-01-28-a-17.02.07-1024x641.png ,https:\/\/www.orthospirits.com\/wp-content\/uploads\/2024\/02\/Capture-decran-2024-01-28-a-17.02.07.png 780w, https:\/\/www.orthospirits.com\/wp-content\/uploads\/2024\/02\/Capture-decran-2024-01-28-a-17.02.07.png 360w\" alt=\"\" width=\"564\" height=\"376\" \/><\/figure>\r\n<\/div>\r\n\r\n\r\n\r\n<div class=\"wp-block-uagb-info-box uagb-block-fkvehvz8 uagb-infobox__content-wrap  uagb-infobox-icon-above-title uagb-infobox-image-valign-top\">\r\n<div class=\"uagb-ifb-content\">\r\n<div class=\"uagb-ifb-title-wrap\">\r\n<h4 class=\"uagb-ifb-title\">Expertise<\/h4>\r\n<\/div>\r\n<p class=\"uagb-ifb-desc\">uprighting mandibular molar.<br \/>Use of a sectorial with vestibular action for correction of a mesio-version of molar closing the implant space. Rectangular arc stabilized by miniscrew using the eyelet of the miniscrew head.<\/p>\r\n<\/div>\r\n<\/div>\r\n<\/div>\r\n\r\n\r\n\r\n<div class=\"wp-block-uagb-container uagb-block-a8kapudu\">\r\n<div class=\"wp-block-uagb-image alignleft uagb-block-oocpmsvp wp-block-uagb-image--layout-default wp-block-uagb-image--effect-static wp-block-uagb-image--align-left\">\r\n<figure class=\"wp-block-uagb-image__figure\"><img decoding=\"async\" class=\"alignnone size-full wp-image-2756\" style=\"width: 413px; height: 559px;\" src=\"https:\/\/www.orthospirits.com\/wp-content\/uploads\/2024\/09\/egression-canine.png\" alt=\"\" width=\"413\" height=\"559\" srcset=\"https:\/\/www.orthospirits.com\/wp-content\/uploads\/2024\/09\/egression-canine.png 413w, https:\/\/www.orthospirits.com\/wp-content\/uploads\/2024\/09\/egression-canine-222x300.png 222w, https:\/\/www.orthospirits.com\/wp-content\/uploads\/2024\/09\/egression-canine-9x12.png 9w\" sizes=\"(max-width: 413px) 100vw, 413px\" \/><\/figure>\r\n<\/div>\r\n\r\n\r\n <em>Extrusion of canine with a 017X025 sectional wire + coil spring.<\/em> \r\n\r\n\r\n<div class=\"wp-block-uagb-info-box uagb-block-fuhskxkh uagb-infobox__content-wrap  uagb-infobox-icon-above-title uagb-infobox-image-valign-top\">\r\n<div class=\"uagb-ifb-content\">\r\n<div class=\"uagb-ifb-title-wrap\"><br \/><br \/>\r\n<h4 class=\"uagb-ifb-title\">Collaboration<\/h4>\r\n<\/div>\r\n<p class=\"uagb-ifb-desc\">Simplify the prosthetic procedure, by straightening a mesioversed molar axis, by harmoniously distributing spaces, by increasing a diastema, by correcting an overbite, etc.; <br \/>With simplified orthodontic mechanics and our support, you will have prosthetics perfectly in place in a few months.<br \/>Choose your option A_LA_CARTE (1 case) or SILVER, GOLD, or VIP depending on the number of pre-prosthetic preparations you need.<\/p>\r\n<\/div>\r\n<\/div>\r\n<\/div>\r\n<\/div>\r\n<\/div>\r\n<\/div>\r\n\r\n\r\n\r\n<div class=\"wp-block-uagb-container uag-blocks-common-selector uagb-block-kqgt0lef alignfull uagb-is-root-container\">\r\n<div class=\"uagb-container-inner-blocks-wrap\">\r\n<div class=\"wp-block-uagb-star-rating uagb-block-519uqq1x\">\r\n<div class=\"uag-star-rating\" title=\"5\/5\"><span class=\"uag-star\">\u2605<\/span><span class=\"uag-star\">\u2605<\/span><span class=\"uag-star\">\u2605<\/span><span class=\"uag-star\">\u2605<\/span><span class=\"uag-star\">\u2605<\/span><\/div>\r\n<\/div>\r\n\r\n\r\n\r\n<div class=\"wp-block-uagb-info-box uagb-block-wkjj5srs uagb-infobox__content-wrap  uagb-infobox-icon-above-title uagb-infobox-image-valign-top\">\r\n<div class=\"uagb-ifb-content\">\r\n<div class=\"uagb-ifb-title-wrap\">\r\n<h5 class=\"uagb-ifb-title\" style=\"text-align: left;\">It is often preferable to combine a mini-screw to upright a versed  molar and in a few months reopen the implant space.<\/h5>\r\n<\/div>\r\n<h2 class=\"uagb-ifb-title\" style=\"text-align: center;\">\u00a0<\/h2>\r\n<\/div>\r\n<\/div>\r\n<\/div>\r\n<\/div>\r\n<p>&nbsp;<\/p>\r\n<h2 class=\"uagb-ifb-title\" style=\"text-align: center;\">Expand your clinical arsenal\u00a0<\/h2>\r\n<p>&nbsp;<\/p>\r\n<p style=\"text-align: center;\"><mark class=\"has-inline-color has-ast-global-color-0-color\" style=\"text-transform: uppercase;\">Handle your cases from A to Z.<\/mark><\/p>\r\n\r\n\r\n\r\n<div class=\"wp-block-uagb-container uagb-block-4ovi62ro alignfull uagb-is-root-container\">\r\n<div class=\"uagb-container-inner-blocks-wrap\">\r\n<div class=\"wp-block-uagb-container uagb-block-6fgz8fyz\">\r\n<div class=\"wp-block-uagb-container uagb-block-kgyi3xkp\">\r\n<div class=\"wp-block-uagb-info-box uagb-block-mvdwsair uagb-infobox__content-wrap  uagb-infobox-icon-above-title uagb-infobox-image-valign-top\">\r\n<div class=\"uagb-ifb-content\">\r\n<div class=\"uagb-ifb-title-wrap\">\u00a0<\/div>\r\n<\/div>\r\n<\/div>\r\n<\/div>\r\n\r\n\r\n\r\n<div class=\"wp-block-uagb-container uagb-block-ugj559yj\"><\/div>\r\n<\/div>\r\n\r\n\r\n\r\n<div class=\"wp-block-uagb-container uagb-block-2ka1sdmy\">\r\n<div class=\"wp-block-uagb-container uagb-block-gcxf5omt\">\r\n<div class=\"wp-block-uagb-info-box uagb-block-tj8dvid1 uagb-infobox__content-wrap  uagb-infobox-icon-above-title uagb-infobox-image-valign-top\">\r\n<div class=\"uagb-ifb-content\">\r\n<div class=\"uagb-ifb-title-wrap\">\r\n<h4 class=\"uagb-ifb-title\">+Confidence<\/h4>\r\n<\/div>\r\n<p class=\"uagb-ifb-desc\">Save time. Pre-prosthetic preparation seems easy and your patient doesn't want to go see an orthodontic specialist, do it yourself!<\/p>\r\n<\/div>\r\n<\/div>\r\n<\/div>\r\n\r\n\r\n\r\n<div class=\"wp-block-uagb-container uagb-block-g8hh2ztb\">\r\n<div class=\"wp-block-uagb-info-box uagb-block-kjaethmb uagb-infobox__content-wrap  uagb-infobox-icon-above-title uagb-infobox-image-valign-top\">\r\n<div class=\"uagb-ifb-content\">\r\n<div class=\"uagb-ifb-title-wrap\">\r\n<h4 class=\"uagb-ifb-title\">100%<\/h4>\r\n<\/div>\r\n<p class=\"uagb-ifb-desc\">A patient satisfied with his new smile.<\/p>\r\n<\/div>\r\n<\/div>\r\n<\/div>\r\n\r\n\r\n\r\n<div class=\"wp-block-uagb-container uagb-block-krq4mxnv\">\r\n<div class=\"wp-block-uagb-info-box uagb-block-od0600gy uagb-infobox__content-wrap  uagb-infobox-icon-above-title uagb-infobox-image-valign-top\">\r\n<div class=\"uagb-ifb-content\">\r\n<div class=\"uagb-ifb-title-wrap\">\r\n<h4 class=\"uagb-ifb-title\">+ clinical tips<\/h4>\r\n<\/div>\r\n<p class=\"uagb-ifb-desc\">Innovate by learning new tips allowing a short implementation of the implant. and be more conservative with the teeth..<\/p>\r\n<\/div>\r\n<\/div>\r\n<\/div>\r\n<\/div>\r\n\r\n\r\n\r\n<p><strong><em>You do not have the necessary equipment to carry out this treatment<mark class=\"has-inline-color has-ast-global-color-0-color\" style=\"background-color: rgba(0, 0, 0, 0);\"> Ortho Spirits <\/mark>provides you with the complete kit (rings + wire + pliers + suitable mini-screws) or send you to a laboratory for indirect bonding on brackets individualized to your case.<\/em><\/strong> (On quote)<\/p>\r\n\r\n\r\n\r\n<div class=\"wp-block-buttons is-layout-flex wp-block-buttons-is-layout-flex\" style=\"text-align: center;\">\r\n<div class=\"wp-block-button\"><a class=\"wp-block-button__link wp-element-button\" href=\"https:\/\/www.orthospirits.com\/en\/contact\/\" rel=\"\/tarif\/\">Start now<\/a><\/div>\r\n<\/div>\r\n<\/div>\r\n<\/div>\r\n\r\n\r\n\r\n<div class=\"wp-block-uagb-container uagb-block-mvafyiae alignfull uagb-is-root-container\">\r\n<div class=\"uagb-container-inner-blocks-wrap\">\r\n<div class=\"wp-block-uagb-info-box uagb-block-tvccd864 uagb-infobox__content-wrap  uagb-infobox-icon-above-title uagb-infobox-image-valign-top\">\r\n<div class=\"uagb-ifb-content\">\r\n<div class=\"uagb-ifb-title-wrap\">\r\n<h2 class=\"uagb-ifb-title\">Explore your next creations<\/h2>\r\n<\/div>\r\n<p class=\"uagb-ifb-desc\">Avoid the pitfalls, help us select your easy cases.<\/p>\r\n<\/div>\r\n<\/div>\r\n\r\n\r\n\r\n<div class=\"wp-block-uagb-container uagb-block-06edabkx\">\r\n<div class=\"wp-block-uagb-container uagb-block-nezt4quz\">\r\n<div class=\"wp-block-uagb-image alignleft uagb-block-dmj2dbm9 wp-block-uagb-image--layout-default wp-block-uagb-image--effect-static wp-block-uagb-image--align-left\">\r\n<figure class=\"wp-block-uagb-image__figure\"><img loading=\"lazy\" decoding=\"async\" class=\"uag-image-1246\" title=\"\" role=\"img\" src=\"https:\/\/www.orthospirits.com\/wp-content\/uploads\/2024\/02\/images-1.jpg\" sizes=\"(max-width: 480px) 150px\" srcset=\"https:\/\/www.orthospirits.com\/wp-content\/uploads\/2024\/02\/images-1.jpg ,https:\/\/www.orthospirits.com\/wp-content\/uploads\/2024\/02\/images-1.jpg 780w, https:\/\/www.orthospirits.com\/wp-content\/uploads\/2024\/02\/images-1.jpg 360w\" alt=\"\" width=\"282\" height=\"282\" \/><\/figure>\r\n<\/div>\r\n<\/div>\r\n\r\n\r\n\r\n<div class=\"wp-block-uagb-container uagb-block-hxkxgbsa\">\r\n<div class=\"wp-block-uagb-image alignleft uagb-block-m1msmyvc wp-block-uagb-image--layout-default wp-block-uagb-image--effect-static wp-block-uagb-image--align-left\">\r\n<figure class=\"wp-block-uagb-image__figure\"><img loading=\"lazy\" decoding=\"async\" class=\"uag-image-1453\" title=\"\" role=\"img\" src=\"https:\/\/www.orthospirits.com\/wp-content\/uploads\/2024\/02\/teeth-2833417_1280-1024x578.jpg\" sizes=\"(max-width: 480px) 150px\" srcset=\"https:\/\/www.orthospirits.com\/wp-content\/uploads\/2024\/02\/teeth-2833417_1280-1024x578.jpg ,https:\/\/www.orthospirits.com\/wp-content\/uploads\/2024\/02\/teeth-2833417_1280.jpg 780w, https:\/\/www.orthospirits.com\/wp-content\/uploads\/2024\/02\/teeth-2833417_1280.jpg 360w\" alt=\"\" width=\"282\" height=\"282\" \/><\/figure>\r\n<\/div>\r\n<\/div>\r\n\r\n\r\n\r\n<div class=\"wp-block-uagb-container uagb-block-edgk0nne\">\r\n<div class=\"wp-block-uagb-image alignleft uagb-block-vld8sjkd wp-block-uagb-image--layout-default wp-block-uagb-image--effect-static wp-block-uagb-image--align-left\">\r\n<figure class=\"wp-block-uagb-image__figure\"><img loading=\"lazy\" decoding=\"async\" class=\"uag-image-1171\" title=\"Capture d\u2019\u00e9cran 2024-01-26 \u00e0 16.43.55\" role=\"img\" src=\"https:\/\/www.orthospirits.com\/wp-content\/uploads\/2024\/02\/Capture-decran-2024-01-26-a-16.43.55.png\" sizes=\"(max-width: 480px) 150px\" srcset=\"https:\/\/www.orthospirits.com\/wp-content\/uploads\/2024\/02\/Capture-decran-2024-01-26-a-16.43.55.png ,https:\/\/www.orthospirits.com\/wp-content\/uploads\/2024\/02\/Capture-decran-2024-01-26-a-16.43.55.png 780w, https:\/\/www.orthospirits.com\/wp-content\/uploads\/2024\/02\/Capture-decran-2024-01-26-a-16.43.55.png 360w\" alt=\"\" width=\"282\" height=\"282\" \/><\/figure>\r\n<\/div>\r\n<\/div>\r\n\r\n\r\n\r\n<div class=\"wp-block-uagb-container uagb-block-dbpwvm0e\">\r\n<div class=\"wp-block-uagb-image alignleft uagb-block-cdxsthca wp-block-uagb-image--layout-default wp-block-uagb-image--effect-static wp-block-uagb-image--align-left\">\r\n<figure class=\"wp-block-uagb-image__figure\"><img loading=\"lazy\" decoding=\"async\" class=\"uag-image-1248\" title=\"\" role=\"img\" src=\"https:\/\/www.orthospirits.com\/wp-content\/uploads\/2024\/02\/Capture-decran-2024-01-28-a-19.53.27.png\" sizes=\"(max-width: 480px) 150px\" srcset=\"https:\/\/www.orthospirits.com\/wp-content\/uploads\/2024\/02\/Capture-decran-2024-01-28-a-19.53.27.png ,https:\/\/www.orthospirits.com\/wp-content\/uploads\/2024\/02\/Capture-decran-2024-01-28-a-19.53.27.png 780w, https:\/\/www.orthospirits.com\/wp-content\/uploads\/2024\/02\/Capture-decran-2024-01-28-a-19.53.27.png 360w\" alt=\"\" width=\"282\" height=\"282\" \/><\/figure>\r\n<\/div>\r\n<\/div>\r\n<\/div>\r\n<\/div>\r\n<\/div>\r\n\r\n\r\n\r\n<div class=\"wp-block-uagb-container uagb-block-xiief0qq alignfull uagb-is-root-container\">\r\n<div class=\"uagb-container-inner-blocks-wrap\">\r\n<div class=\"wp-block-uagb-info-box uagb-block-bvwwprfa uagb-infobox__content-wrap  uagb-infobox-icon-above-title uagb-infobox-image-valign-top\">\r\n<div class=\"uagb-ifb-content\">\r\n<div class=\"uagb-ifb-title-wrap\">\r\n<h2 class=\"uagb-ifb-title\">Let's establish a  real synergy<\/h2>\r\n<\/div>\r\n<\/div>\r\n<\/div>\r\n\r\n\r\n\r\n<div class=\"wp-block-uagb-buttons uagb-buttons__outer-wrap uagb-btn__default-btn uagb-btn-tablet__default-btn uagb-btn-mobile__default-btn uagb-block-ghgen2s8\">\r\n<div class=\"uagb-buttons__wrap uagb-buttons-layout-wrap\"><!--<div class=\"wp-block-uagb-buttons-child uagb-buttons__outer-wrap uagb-block-cqp4tnfs wp-block-button\">\r\n<div class=\"uagb-button__wrapper\">\r\n<div class=\"uagb-button__link\">D\u00e9marrez<\/div>\r\n<\/div>\r\n<\/div>-->\r\n\r\n\r\n<div class=\"wp-block-buttons is-layout-flex wp-block-buttons-is-layout-flex\" style=\"text-align: center;\">\r\n<div class=\"wp-block-button\"><a class=\"wp-block-button__link wp-element-button\" href=\"https:\/\/www.orthospirits.com\/en\/contact\/\" rel=\"\/tarif\/\">Start now<\/a><\/div>\r\n<\/div>\r\n<\/div>\r\n<\/div>\r\n\r\n\r\n\r\n<div class=\"wp-block-uagb-buttons-child uagb-buttons__outer-wrap uagb-block-wmyxzhlp wp-block-button\">\r\n<div class=\"uagb-button__wrapper\"><!--<div class=\"uagb-button__link\">Lire la suite<\/div>--><\/div>\r\n<\/div>\r\n<\/div>\r\n<\/div>","protected":false},"excerpt":{"rendered":"<p>Ingression molaire sur 2 mini-implants avec port d&rsquo;\u00e9lastiques par dessus la goutti\u00e8re. Egression canine sur mini-implant avec setionnel 017X025 TMA + ressort Vous ne poss\u00e9dez pas le mat\u00e9riel n\u00e9cessaire pour effectuer ces traitements, Ortho Spirits vous fournit le kit complet (bagues + fil + pinces + mini-vis adapt\u00e9es) ou vous adresse \u00e0 un labo pour [&hellip;]<\/p>\n","protected":false},"author":6,"featured_media":0,"parent":0,"menu_order":0,"comment_status":"closed","ping_status":"closed","template":"","meta":{"_uag_custom_page_level_css":"","site-sidebar-layout":"default","site-content-layout":"","ast-site-content-layout":"default","site-content-style":"default","site-sidebar-style":"default","ast-global-header-display":"","ast-banner-title-visibility":"","ast-main-header-display":"","ast-hfb-above-header-display":"","ast-hfb-below-header-display":"","ast-hfb-mobile-header-display":"","site-post-title":"","ast-breadcrumbs-content":"","ast-featured-img":"","footer-sml-layout":"","ast-disable-related-posts":"","theme-transparent-header-meta":"default","adv-header-id-meta":"","stick-header-meta":"","header-above-stick-meta":"","header-main-stick-meta":"","header-below-stick-meta":"","astra-migrate-meta-layouts":"set","ast-page-background-enabled":"default","ast-page-background-meta":{"desktop":{"background-color":"var(--ast-global-color-4)","background-image":"","background-repeat":"repeat","background-position":"center center","background-size":"auto","background-attachment":"scroll","background-type":"","background-media":"","overlay-type":"","overlay-color":"","overlay-opacity":"","overlay-gradient":""},"tablet":{"background-color":"","background-image":"","background-repeat":"repeat","background-position":"center center","background-size":"auto","background-attachment":"scroll","background-type":"","background-media":"","overlay-type":"","overlay-color":"","overlay-opacity":"","overlay-gradient":""},"mobile":{"background-color":"","background-image":"","background-repeat":"repeat","background-position":"center center","background-size":"auto","background-attachment":"scroll","background-type":"","background-media":"","overlay-type":"","overlay-color":"","overlay-opacity":"","overlay-gradient":""}},"ast-content-background-meta":{"desktop":{"background-color":"var(--ast-global-color-5)","background-image":"","background-repeat":"repeat","background-position":"center center","background-size":"auto","background-attachment":"scroll","background-type":"","background-media":"","overlay-type":"","overlay-color":"","overlay-opacity":"","overlay-gradient":""},"tablet":{"background-color":"var(--ast-global-color-5)","background-image":"","background-repeat":"repeat","background-position":"center center","background-size":"auto","background-attachment":"scroll","background-type":"","background-media":"","overlay-type":"","overlay-color":"","overlay-opacity":"","overlay-gradient":""},"mobile":{"background-color":"var(--ast-global-color-5)","background-image":"","background-repeat":"repeat","background-position":"center center","background-size":"auto","background-attachment":"scroll","background-type":"","background-media":"","overlay-type":"","overlay-color":"","overlay-opacity":"","overlay-gradient":""}},"footnotes":""},"class_list":["post-1182","page","type-page","status-publish","hentry"],"uagb_featured_image_src":{"full":false,"thumbnail":false,"medium":false,"medium_large":false,"large":false,"1536x1536":false,"2048x2048":false,"trp-custom-language-flag":false,"woocommerce_thumbnail":false,"woocommerce_single":false,"woocommerce_gallery_thumbnail":false},"uagb_author_info":{"display_name":"Luc Arzel","author_link":"https:\/\/www.orthospirits.com\/en\/author\/ad1sui8b4x0f\/"},"uagb_comment_info":0,"uagb_excerpt":"Ingression molaire sur 2 mini-implants avec port d&rsquo;\u00e9lastiques par dessus la goutti\u00e8re. Egression canine sur mini-implant avec setionnel 017X025 TMA + ressort Vous ne poss\u00e9dez pas le mat\u00e9riel n\u00e9cessaire pour effectuer ces traitements, Ortho Spirits vous fournit le kit complet (bagues + fil + pinces + mini-vis adapt\u00e9es) ou vous adresse \u00e0 un labo pour&hellip;","jetpack_sharing_enabled":true,"_links":{"self":[{"href":"https:\/\/www.orthospirits.com\/en\/wp-json\/wp\/v2\/pages\/1182","targetHints":{"allow":["GET"]}}],"collection":[{"href":"https:\/\/www.orthospirits.com\/en\/wp-json\/wp\/v2\/pages"}],"about":[{"href":"https:\/\/www.orthospirits.com\/en\/wp-json\/wp\/v2\/types\/page"}],"author":[{"embeddable":true,"href":"https:\/\/www.orthospirits.com\/en\/wp-json\/wp\/v2\/users\/6"}],"replies":[{"embeddable":true,"href":"https:\/\/www.orthospirits.com\/en\/wp-json\/wp\/v2\/comments?post=1182"}],"version-history":[{"count":99,"href":"https:\/\/www.orthospirits.com\/en\/wp-json\/wp\/v2\/pages\/1182\/revisions"}],"predecessor-version":[{"id":2795,"href":"https:\/\/www.orthospirits.com\/en\/wp-json\/wp\/v2\/pages\/1182\/revisions\/2795"}],"wp:attachment":[{"href":"https:\/\/www.orthospirits.com\/en\/wp-json\/wp\/v2\/media?parent=1182"}],"curies":[{"name":"wp","href":"https:\/\/api.w.org\/{rel}","templated":true}]}}