{"id":118,"date":"2023-06-27T09:35:35","date_gmt":"2023-06-27T09:35:35","guid":{"rendered":"https:\/\/devoted-dancause-36.zipwp.dev\/?page_id=118"},"modified":"2024-09-20T08:58:07","modified_gmt":"2024-09-20T08:58:07","slug":"about","status":"publish","type":"page","link":"https:\/\/www.orthospirits.com\/en\/about\/","title":{"rendered":"OS team"},"content":{"rendered":"<div class=\"wp-block-uagb-container uagb-block-7fa683e6 alignfull uagb-is-root-container\">\r\n<div class=\"uagb-container-inner-blocks-wrap\">\r\n<div class=\"wp-block-uagb-advanced-heading uagb-block-74b342eb\"><!--<h1 class=\"uagb-heading-text\">L'Orthodontie par le coaching<\/h1>-->\r\n<h1><span class=\"titre-1\">Orthodontics through coaching<\/span><\/h1>\r\n<\/div>\r\n<\/div>\r\n<\/div>\r\n\r\n\r\n\r\n<div class=\"wp-block-uagb-container uagb-block-94ded581 alignfull uagb-is-root-container\">\r\n<div class=\"uagb-container-inner-blocks-wrap\">\r\n<div class=\"wp-block-uagb-advanced-heading uagb-block-671f3570\">\r\n<h2 class=\"uagb-heading-text\">What is our Expertise?<\/h2>\r\n<\/div>\r\n\r\n\r\n\r\n\r\n\r\n<div class=\"wp-block-uagb-container uagb-block-21891d52\">\r\n<div class=\"wp-block-uagb-container uagb-block-8a4a99e4\">\r\n<div class=\"wp-block-uagb-image alignleft uagb-block-e71a6b83 wp-block-uagb-image--layout-default wp-block-uagb-image--effect-static wp-block-uagb-image--align-left\"><img fetchpriority=\"high\" decoding=\"async\" class=\"wp-image-1159 alignleft\" style=\"margin-top: 20px;\" title=\"Dr Luc ARZEL\" src=\"https:\/\/www.orthospirits.com\/wp-content\/uploads\/2024\/02\/Capture-decran-2024-02-07-a-14.10.21.png\" alt=\"\" width=\"437\" height=\"490\" \/>\u00a0\u00a0\u00a0<\/div>\r\n<div class=\"wp-block-uagb-image alignleft uagb-block-e71a6b83 wp-block-uagb-image--layout-default wp-block-uagb-image--effect-static wp-block-uagb-image--align-left\">\u00a0<\/div>\r\n<\/div>\r\n\r\n\r\n\r\n<div class=\"wp-block-uagb-container uagb-block-7e959f87\">\r\n<div class=\"wp-block-uagb-info-box uagb-block-4960c374 uagb-infobox__content-wrap  uagb-infobox-icon-above-title uagb-infobox-image-valign-top\">\r\n<div class=\"uagb-ifb-content\">\r\n<div class=\"uagb-ifb-title-wrap\">\r\n<h5 class=\"uagb-ifb-title\">At ORTHO SPIRITS, we offer you personalized support.<\/h5>\r\n<\/div>\r\n<p class=\"uagb-ifb-desc\">Having conducted thousands of cases in all orthodontic techniques, in multi-brackets or aligners;<br \/>The founder, Doctor Luc ARZEL, 30 years of experience, Specialist in Dento-Facial Orthopedics, CECSMO of the University of MONTPELLIER, is an international lecturer notably on: <br \/>-mini screws in severe cases<br \/>-CLII correction with modified WILSON technic.<br \/>-Laser in Orthodontics.<br \/>-And is responsible of the EDS pre-implant and pre-prosthetic master<br \/>He was also a teacher at the faculty of NICE.<br \/><br \/>Our client base includes practitioners who come looking for coaching that allows them to progress. from FRANCE and abroad.<\/p>\r\n<\/div>\r\n<\/div>\r\n<\/div>\r\n<\/div>\r\n<\/div>\r\n<\/div>\r\n\r\n\r\n\r\n<div class=\"wp-block-uagb-container uagb-block-cc344175 alignfull uagb-is-root-container\">\r\n<div class=\"uagb-container-inner-blocks-wrap\">\r\n<div class=\"wp-block-uagb-advanced-heading uagb-block-7b2294a3\">\r\n<h2 class=\"uagb-heading-text\" style=\"text-align: center;\">Our core values<\/h2>\r\n<\/div>\r\n<p class=\"uagb-desc-text\" style=\"text-align: center;\"><mark class=\"has-inline-color has-ast-global-color-0-color\" style=\"color: #2e6898; text-transform: uppercase;\">Helping you navigate the world of orthodontics.<\/mark><\/p>\r\n\r\n\r\n\r\n<div class=\"wp-block-uagb-container uagb-block-ecb8dade\">\r\n<div class=\"wp-block-uagb-advanced-heading uagb-block-bef7d43a\">\r\n<h4 class=\"uagb-heading-text\">Precision<\/h4>\r\n<p class=\"uagb-desc-text\">By prioritizing the accuracy of our diagnoses and treatment plans, start your cases cleanly.<\/p>\r\n<\/div>\r\n\r\n\r\n\r\n<div class=\"wp-block-uagb-advanced-heading uagb-block-b863782d\">\r\n<h4 class=\"uagb-heading-text\">Step-by-step support.<\/h4>\r\n<p class=\"uagb-desc-text\">We offer you a tailor-made orthodontic solution, particularly for aligner treatments, and let us check your set-ups.<\/p>\r\n<\/div>\r\n\r\n\r\n\r\n<div class=\"wp-block-uagb-advanced-heading uagb-block-9f890ad2\">\r\n<h4 class=\"uagb-heading-text\">Innovation and formation<\/h4>\r\n<p class=\"uagb-desc-text\">Discover our paid E_Learning training courses and draw from the ORTHO SPIRITS ACADEMY toolbox and stay on top!<\/p>\r\n<p>&nbsp;<\/p>\r\n<\/div>\r\n<\/div>\r\n\r\n\r\n\r\n<div class=\"wp-block-uagb-container uagb-block-993ae9f0\">\r\n<figure class=\"wp-block-image size-large\"><img decoding=\"async\" class=\"size-full wp-image-2932 alignleft\" src=\"https:\/\/www.orthospirits.com\/wp-content\/uploads\/2024\/09\/pexels-photo-4270367.jpg\" alt=\"\" width=\"1200\" height=\"800\" srcset=\"https:\/\/www.orthospirits.com\/wp-content\/uploads\/2024\/09\/pexels-photo-4270367.jpg 1200w, https:\/\/www.orthospirits.com\/wp-content\/uploads\/2024\/09\/pexels-photo-4270367-300x200.jpg 300w, https:\/\/www.orthospirits.com\/wp-content\/uploads\/2024\/09\/pexels-photo-4270367-1024x683.jpg 1024w, https:\/\/www.orthospirits.com\/wp-content\/uploads\/2024\/09\/pexels-photo-4270367-768x512.jpg 768w, https:\/\/www.orthospirits.com\/wp-content\/uploads\/2024\/09\/pexels-photo-4270367-18x12.jpg 18w, https:\/\/www.orthospirits.com\/wp-content\/uploads\/2024\/09\/pexels-photo-4270367-600x400.jpg 600w\" sizes=\"(max-width: 1200px) 100vw, 1200px\" \/><\/figure>\r\n<\/div>\r\n<\/div>\r\n<\/div>\r\n\r\n\r\n\n<div class=\"wp-block-uagb-container uagb-block-c84325e4 alignfull uagb-is-root-container\"><div class=\"uagb-container-inner-blocks-wrap\">\n<div class=\"wp-block-uagb-info-box uagb-block-d8a09d88 uagb-infobox__content-wrap  uagb-infobox-icon-above-title uagb-infobox-image-valign-top\"><div class=\"uagb-ifb-content\"><div class=\"uagb-ifb-title-wrap\"><h2 class=\"uagb-ifb-title\"> transform your orthodontic workflow today<\/h2><\/div><p class=\"uagb-ifb-desc\">Join <mark style=\"background-color:rgba(0, 0, 0, 0)\" class=\"has-inline-color has-ast-global-color-0-color\">Ortho Spirits<\/mark> now , follow our acute advices , anticipate the problems<br>lower your stress <\/p><div class=\"uagb-ifb-button-wrapper wp-block-button\"><a href=\"\/en\/contact\/\" class=\"uagb-infobox-cta-link wp-block-button__link\" target=\"_self\" rel=\"noopener noreferrer\" onclick=\"return true;\" alt=\"\"><span class=\"uagb-inline-editing\">Join now<\/span><\/a><\/div><\/div><\/div>\n<\/div><\/div>\n\n\n\n<figure class=\"wp-block-image\"><img decoding=\"async\" src=\"blob:https:\/\/www.orthospirits.com\/3550a708-f833-4f2e-aee2-2ac889e1998e\" alt=\"\"\/><\/figure>","protected":false},"excerpt":{"rendered":"<p>L&rsquo;Orthodontie par le coaching Quelle est notre Expertise? Nos Valeurs Vous aider \u00e0 naviguer dans le monde de l&rsquo;orthodontie. Precision En donnant la priorit\u00e9 \u00e0 la pr\u00e9cision de nos diagnostics et plans de traitement, commencez vos cas proprement. Accompagnement Nous vous offrons une solution orthodontique sur-mesure notamment sur les traitements par aligners et laissez-nous v\u00e9rifier [&hellip;]<\/p>\n","protected":false},"author":6,"featured_media":0,"parent":0,"menu_order":0,"comment_status":"closed","ping_status":"closed","template":"","meta":{"_uag_custom_page_level_css":"","site-sidebar-layout":"default","site-content-layout":"","ast-site-content-layout":"default","site-content-style":"default","site-sidebar-style":"default","ast-global-header-display":"","ast-banner-title-visibility":"","ast-main-header-display":"","ast-hfb-above-header-display":"","ast-hfb-below-header-display":"","ast-hfb-mobile-header-display":"","site-post-title":"disabled","ast-breadcrumbs-content":"","ast-featured-img":"","footer-sml-layout":"","ast-disable-related-posts":"","theme-transparent-header-meta":"enabled","adv-header-id-meta":"","stick-header-meta":"","header-above-stick-meta":"","header-main-stick-meta":"","header-below-stick-meta":"","astra-migrate-meta-layouts":"set","ast-page-background-enabled":"default","ast-page-background-meta":{"desktop":{"background-color":"var(--ast-global-color-4)","background-image":"","background-repeat":"repeat","background-position":"center center","background-size":"auto","background-attachment":"scroll","background-type":"","background-media":"","overlay-type":"","overlay-color":"","overlay-opacity":"","overlay-gradient":""},"tablet":{"background-color":"","background-image":"","background-repeat":"repeat","background-position":"center center","background-size":"auto","background-attachment":"scroll","background-type":"","background-media":"","overlay-type":"","overlay-color":"","overlay-opacity":"","overlay-gradient":""},"mobile":{"background-color":"","background-image":"","background-repeat":"repeat","background-position":"center center","background-size":"auto","background-attachment":"scroll","background-type":"","background-media":"","overlay-type":"","overlay-color":"","overlay-opacity":"","overlay-gradient":""}},"ast-content-background-meta":{"desktop":{"background-color":"var(--ast-global-color-5)","background-image":"","background-repeat":"repeat","background-position":"center center","background-size":"auto","background-attachment":"scroll","background-type":"","background-media":"","overlay-type":"","overlay-color":"","overlay-opacity":"","overlay-gradient":""},"tablet":{"background-color":"var(--ast-global-color-5)","background-image":"","background-repeat":"repeat","background-position":"center center","background-size":"auto","background-attachment":"scroll","background-type":"","background-media":"","overlay-type":"","overlay-color":"","overlay-opacity":"","overlay-gradient":""},"mobile":{"background-color":"var(--ast-global-color-5)","background-image":"","background-repeat":"repeat","background-position":"center center","background-size":"auto","background-attachment":"scroll","background-type":"","background-media":"","overlay-type":"","overlay-color":"","overlay-opacity":"","overlay-gradient":""}},"footnotes":""},"class_list":["post-118","page","type-page","status-publish","hentry"],"uagb_featured_image_src":{"full":false,"thumbnail":false,"medium":false,"medium_large":false,"large":false,"1536x1536":false,"2048x2048":false,"trp-custom-language-flag":false,"woocommerce_thumbnail":false,"woocommerce_single":false,"woocommerce_gallery_thumbnail":false},"uagb_author_info":{"display_name":"Luc Arzel","author_link":"https:\/\/www.orthospirits.com\/en\/author\/ad1sui8b4x0f\/"},"uagb_comment_info":0,"uagb_excerpt":"L&rsquo;Orthodontie par le coaching Quelle est notre Expertise? Nos Valeurs Vous aider \u00e0 naviguer dans le monde de l&rsquo;orthodontie. Precision En donnant la priorit\u00e9 \u00e0 la pr\u00e9cision de nos diagnostics et plans de traitement, commencez vos cas proprement. Accompagnement Nous vous offrons une solution orthodontique sur-mesure notamment sur les traitements par aligners et laissez-nous v\u00e9rifier&hellip;","jetpack_sharing_enabled":true,"_links":{"self":[{"href":"https:\/\/www.orthospirits.com\/en\/wp-json\/wp\/v2\/pages\/118","targetHints":{"allow":["GET"]}}],"collection":[{"href":"https:\/\/www.orthospirits.com\/en\/wp-json\/wp\/v2\/pages"}],"about":[{"href":"https:\/\/www.orthospirits.com\/en\/wp-json\/wp\/v2\/types\/page"}],"author":[{"embeddable":true,"href":"https:\/\/www.orthospirits.com\/en\/wp-json\/wp\/v2\/users\/6"}],"replies":[{"embeddable":true,"href":"https:\/\/www.orthospirits.com\/en\/wp-json\/wp\/v2\/comments?post=118"}],"version-history":[{"count":93,"href":"https:\/\/www.orthospirits.com\/en\/wp-json\/wp\/v2\/pages\/118\/revisions"}],"predecessor-version":[{"id":2934,"href":"https:\/\/www.orthospirits.com\/en\/wp-json\/wp\/v2\/pages\/118\/revisions\/2934"}],"wp:attachment":[{"href":"https:\/\/www.orthospirits.com\/en\/wp-json\/wp\/v2\/media?parent=118"}],"curies":[{"name":"wp","href":"https:\/\/api.w.org\/{rel}","templated":true}]}}